{"id":957,"date":"2022-09-14T10:40:11","date_gmt":"2022-09-14T15:40:11","guid":{"rendered":"https:\/\/www.mi-laborers.org\/?page_id=957"},"modified":"2023-04-20T20:57:36","modified_gmt":"2023-04-21T01:57:36","slug":"lecet","status":"publish","type":"page","link":"https:\/\/www.mi-laborers.org\/es\/lecet\/","title":{"rendered":"LECET"},"content":{"rendered":"<h1>\n\t\tMichigan LECET le da a LIUNA y a los contratistas signatarios la ventaja competitiva para ganar proyectos y trabajos\n\t<\/h1>\n\t\t\t<iframe loading=\"lazy\" src=\"https:\/\/mep.lecet.org\/login\" frameborder=\"0\" width=\"100%\" height=\"100%\" allowfullscreen=\"\"><\/iframe>\t\t\t\n\t\t\t<a href=\"\/es\/void(0)\/\" target=\"_self\" aria-label=\"\u00danase al programa de expansi\u00f3n del mercado de LIUNA\" rel=\"noopener\">\n\t\t\t\t\t\t\t\u00danase al programa de expansi\u00f3n del mercado de LIUNA\n\t\t<\/a>\n<h2>\n\t\tQuienes somos\n\t<\/h2>\n<h2>\n\t\tEl Fideicomiso de Educaci\u00f3n y Cooperaci\u00f3n de Trabajadores-Empleadores de Michigan (LECET) re\u00fane a la Uni\u00f3n Internacional de Trabajadores de Am\u00e9rica del Norte (LIUNA) y sus contratistas signatarios para abordar temas de importancia para ambos.&nbsp;\n\t<\/h2>\n\t<p>Michigan LECET trabaja para identificar mercados nuevos y emergentes y posicionarlos&nbsp;<a href=\"http:\/\/www.liuna.org\">LIUNA&nbsp;<\/a>y sus contratistas signatarios para capitalizar esas oportunidades. Es uno de los tres fondos que componen los Tri-Funds de LIUNA, organizaciones establecidas exclusivamente para ayudar a expandir la participaci\u00f3n de mercado de LIUNA. LECET, el Fondo de Formaci\u00f3n y Educaci\u00f3n LIUNA (<a href=\"http:\/\/www.liunatraining.org\/\">Formaci\u00f3n LIUNA<\/a>), y el Fondo de Salud y Seguridad de los Trabajadores de Am\u00e9rica del Norte (<a href=\"http:\/\/www.lhsfna.org\/\">LHSFNA<\/a>) desarrollar los programas de marketing, capacitaci\u00f3n y salud y seguridad que le dan a LIUNA una ventaja competitiva.<\/p>\n<h2>\n\t\t\u00bfBuscas hacer crecer tu negocio?\n\t<\/h2>\n<h2>\n\t\t\u00danase al programa de expansi\u00f3n del mercado de LIUNA\n\t<\/h2>\n\t<p>Mantenemos a nuestros contratistas signatarios actualizados sobre los pr\u00f3ximos proyectos y desarrollos m\u00e1s recientes. Incluyendo todos los contratos locales y federales. Nos enteramos sobre el trabajo temprano para que podamos presionar a nuestros contratistas para que tengan prioridad de licitaci\u00f3n sin costo alguno.<\/p>\n<h3>As\u00ed es como unirse:<\/h3>\n\n<ol> \t\n<li><a href=\"http:\/\/mep.lecet.org\">Perfil completo de la empresa<\/a><\/li>\n\n<li>Ingrese las ubicaciones en las que trabaja su empresa<\/li>\n\n<li>Ingresa el tipo de trabajo de tu empresa<\/li>\n\n<li>Obtenga clientes potenciales enviados directamente a usted<\/li>\n<\/ol>\n<p>LIUNA proporciona trabajadores capacitados para construir un Michigan mejor y m\u00e1s fuerte.<\/p>\n\t\t\t<a href=\"https:\/\/mep.lecet.org\/login\" target=\"_blank\" rel=\"noopener\" role=\"button\">MEP\u201d&gt; Comenzar con <abbr title=\"Programa de Expansi\u00f3n de Mercado\">eurodiputado<\/abbr>\n\t\t<\/a>\n<h1>\n\t\tLECET retribuye\n\t<\/h1>\n\t<p>A lo largo del a\u00f1o, LECET se ofrece como voluntaria y dona recursos a diversos proyectos de la comunidad.<\/p>\n\t\t\t\t<img decoding=\"async\" src=\"https:\/\/www.mi-laborers.org\/wp-content\/uploads\/bb-plugin\/cache\/279173279_5384263044931110_335442680599704401_n-landscape.jpg\" alt=\"279173279_5384263044931110_335442680599704401_n\" itemprop=\"image\" title=\"279173279_5384263044931110_335442680599704401_n\" onerror=\"this.style.display='none'\">\n<h3>Perry punto de cruz<\/h3>\t\t\n\t\t\t<p>Perry Crosspointe Playground patrocinado por Michigan LECET<\/p>\n\t\t\t\t<img decoding=\"async\" src=\"https:\/\/www.mi-laborers.org\/wp-content\/uploads\/bb-plugin\/cache\/DSC_0015-1-scaled-landscape.jpg\" alt=\"DSC_0015\" itemprop=\"image\" title=\"DSC_0015\" onerror=\"this.style.display='none'\">\n<h3>BNA D\u00eda de la Salud y la Seguridad<\/h3>\t\t\n\t\t\t<p>Puente Gordy Howe<\/p>","protected":false},"excerpt":{"rendered":"<p>Michigan LECET gives LIUNA and signatory contractors the competitive advantage to win projects and jobs Join LIUNA&#8217;s Market Expansion Program Who We Are The&nbsp;Michigan Laborers-Employers Cooperation and Education Trust (LECET)&nbsp;brings the Laborers&#8217; International Union of North America (LIUNA) and its signatory contractors together to address issues of importance to both.&nbsp; Michigan LECET works to identify [&hellip;]<\/p>\n","protected":false},"author":1,"featured_media":0,"parent":0,"menu_order":0,"comment_status":"closed","ping_status":"closed","template":"","meta":{"om_disable_all_campaigns":false,"_uag_custom_page_level_css":"","_monsterinsights_skip_tracking":false,"_monsterinsights_sitenote_active":false,"_monsterinsights_sitenote_note":"","_monsterinsights_sitenote_category":0,"_uf_show_specific_survey":0,"_uf_disable_surveys":false,"site-sidebar-layout":"default","site-content-layout":"page-builder","ast-site-content-layout":"default","site-content-style":"default","site-sidebar-style":"default","ast-global-header-display":"","ast-banner-title-visibility":"","ast-main-header-display":"","ast-hfb-above-header-display":"","ast-hfb-below-header-display":"","ast-hfb-mobile-header-display":"","site-post-title":"disabled","ast-breadcrumbs-content":"","ast-featured-img":"","footer-sml-layout":"","ast-disable-related-posts":"","theme-transparent-header-meta":"","adv-header-id-meta":"","stick-header-meta":"","header-above-stick-meta":"","header-main-stick-meta":"","header-below-stick-meta":"","astra-migrate-meta-layouts":"default","ast-page-background-enabled":"default","ast-page-background-meta":{"desktop":{"background-color":"var(--ast-global-color-4)","background-image":"","background-repeat":"repeat","background-position":"center center","background-size":"auto","background-attachment":"scroll","background-type":"","background-media":"","overlay-type":"","overlay-color":"","overlay-opacity":"","overlay-gradient":""},"tablet":{"background-color":"","background-image":"","background-repeat":"repeat","background-position":"center center","background-size":"auto","background-attachment":"scroll","background-type":"","background-media":"","overlay-type":"","overlay-color":"","overlay-opacity":"","overlay-gradient":""},"mobile":{"background-color":"","background-image":"","background-repeat":"repeat","background-position":"center center","background-size":"auto","background-attachment":"scroll","background-type":"","background-media":"","overlay-type":"","overlay-color":"","overlay-opacity":"","overlay-gradient":""}},"ast-content-background-meta":{"desktop":{"background-color":"var(--ast-global-color-5)","background-image":"","background-repeat":"repeat","background-position":"center center","background-size":"auto","background-attachment":"scroll","background-type":"","background-media":"","overlay-type":"","overlay-color":"","overlay-opacity":"","overlay-gradient":""},"tablet":{"background-color":"var(--ast-global-color-5)","background-image":"","background-repeat":"repeat","background-position":"center center","background-size":"auto","background-attachment":"scroll","background-type":"","background-media":"","overlay-type":"","overlay-color":"","overlay-opacity":"","overlay-gradient":""},"mobile":{"background-color":"var(--ast-global-color-5)","background-image":"","background-repeat":"repeat","background-position":"center center","background-size":"auto","background-attachment":"scroll","background-type":"","background-media":"","overlay-type":"","overlay-color":"","overlay-opacity":"","overlay-gradient":""}},"footnotes":""},"class_list":["post-957","page","type-page","status-publish","hentry"],"aioseo_notices":[],"uagb_featured_image_src":{"full":false,"thumbnail":false,"medium":false,"medium_large":false,"large":false,"1536x1536":false,"2048x2048":false,"trp-custom-language-flag":false,"gform-image-choice-sm":false,"gform-image-choice-md":false,"gform-image-choice-lg":false},"uagb_author_info":{"display_name":"LIUNA Staff","author_link":"https:\/\/www.mi-laborers.org\/es\/news\/author\/jontrujillo\/"},"uagb_comment_info":0,"uagb_excerpt":"Michigan LECET gives LIUNA and signatory contractors the competitive advantage to win projects and jobs Join LIUNA&#8217;s Market Expansion Program Who We Are The&nbsp;Michigan Laborers-Employers Cooperation and Education Trust (LECET)&nbsp;brings the Laborers&#8217; International Union of North America (LIUNA) and its signatory contractors together to address issues of importance to both.&nbsp; Michigan LECET works to identify&hellip;","_links":{"self":[{"href":"https:\/\/www.mi-laborers.org\/es\/wp-json\/wp\/v2\/pages\/957","targetHints":{"allow":["GET"]}}],"collection":[{"href":"https:\/\/www.mi-laborers.org\/es\/wp-json\/wp\/v2\/pages"}],"about":[{"href":"https:\/\/www.mi-laborers.org\/es\/wp-json\/wp\/v2\/types\/page"}],"author":[{"embeddable":true,"href":"https:\/\/www.mi-laborers.org\/es\/wp-json\/wp\/v2\/users\/1"}],"replies":[{"embeddable":true,"href":"https:\/\/www.mi-laborers.org\/es\/wp-json\/wp\/v2\/comments?post=957"}],"version-history":[{"count":6,"href":"https:\/\/www.mi-laborers.org\/es\/wp-json\/wp\/v2\/pages\/957\/revisions"}],"predecessor-version":[{"id":1264,"href":"https:\/\/www.mi-laborers.org\/es\/wp-json\/wp\/v2\/pages\/957\/revisions\/1264"}],"wp:attachment":[{"href":"https:\/\/www.mi-laborers.org\/es\/wp-json\/wp\/v2\/media?parent=957"}],"curies":[{"name":"wp","href":"https:\/\/api.w.org\/{rel}","templated":true}]}}