{"id":950,"date":"2022-09-14T09:16:43","date_gmt":"2022-09-14T14:16:43","guid":{"rendered":"https:\/\/www.mi-laborers.org\/?page_id=950"},"modified":"2026-01-05T14:56:48","modified_gmt":"2026-01-05T19:56:48","slug":"golfouting","status":"publish","type":"page","link":"https:\/\/www.mi-laborers.org\/es\/golfouting\/","title":{"rendered":"Excursi\u00f3n de golf para trabajadores"},"content":{"rendered":"<img decoding=\"async\" src=\"https:\/\/www.mi-laborers.org\/wp-content\/uploads\/2022\/09\/golf-heading.png\" alt=\"golf-heading\" itemprop=\"image\" height=\"172\" width=\"500\" title=\"rumbo de golf\" onerror=\"this.style.display='none'\" loading=\"lazy\" \/>\n<h2>\n\t\t\t2026 Scholarship Golf Outing\t<\/h2>\n\t\t\t<a href=\"https:\/\/airtable.com\/appRt9i2n2u6gEzN0\/pagVFSgIvIhbL78ZA\/form\" target=\"_self\">\n\t\t\t\t\t\t\tReg\u00edstrate ahora\n\t\t\t\t\t<\/a>\n\t<p>The Michigan Laborers 8<sup>th<\/sup> Annual Scholarship Fund Golf Outing will be held at <strong>Club de Golf Ojo de \u00c1guila<\/strong> <strong>in East Lansing on Thursday, August 20, 2026<\/strong>. La inscripci\u00f3n comienza a las 7:30 a. m. y el golf comenzar\u00e1 con una salida r\u00e1pida a las 9:00 a. m. con almuerzo en el turno, c\u00f3cteles, premios y una cena de recepci\u00f3n.<\/p>\n\t<iframe loading=\"lazy\" src=\"https:\/\/airtable.com\/embed\/appRt9i2n2u6gEzN0\/pagVFSgIvIhbL78ZA\/form\" frameborder=\"0\" onmousewheel=\"\" width=\"100%\" height=\"1066\"><\/iframe>\n\t\t\t\t<img decoding=\"async\" src=\"https:\/\/www.mi-laborers.org\/wp-content\/uploads\/2025\/08\/Sponosors-Website-Image-scaled.png\" alt=\"Sponosors Website Image\" itemprop=\"image\" height=\"1978\" width=\"2560\" title=\"Sponosors Website Image\" onerror=\"this.style.display='none'\" loading=\"lazy\" \/>","protected":false},"excerpt":{"rendered":"<p>2026 Scholarship Golf Outing Register Now The Michigan Laborers 8th Annual Scholarship Fund Golf Outing will be held at Eagle Eye Golf Club in East Lansing on Thursday, August 20, 2026. Registration starts at 7:30AM and golf will begin with a shotgun start at 9:00AM with lunch at the turn, cocktails, prizes, and a reception [&hellip;]<\/p>\n","protected":false},"author":1,"featured_media":0,"parent":0,"menu_order":0,"comment_status":"closed","ping_status":"closed","template":"","meta":{"om_disable_all_campaigns":false,"_uag_custom_page_level_css":"","_monsterinsights_skip_tracking":false,"_monsterinsights_sitenote_active":false,"_monsterinsights_sitenote_note":"","_monsterinsights_sitenote_category":0,"_uf_show_specific_survey":0,"_uf_disable_surveys":false,"site-sidebar-layout":"default","site-content-layout":"page-builder","ast-site-content-layout":"full-width-container","site-content-style":"unboxed","site-sidebar-style":"unboxed","ast-global-header-display":"","ast-banner-title-visibility":"","ast-main-header-display":"","ast-hfb-above-header-display":"","ast-hfb-below-header-display":"","ast-hfb-mobile-header-display":"","site-post-title":"disabled","ast-breadcrumbs-content":"","ast-featured-img":"","footer-sml-layout":"","ast-disable-related-posts":"","theme-transparent-header-meta":"","adv-header-id-meta":"","stick-header-meta":"","header-above-stick-meta":"","header-main-stick-meta":"","header-below-stick-meta":"","astra-migrate-meta-layouts":"set","ast-page-background-enabled":"default","ast-page-background-meta":{"desktop":{"background-color":"var(--ast-global-color-4)","background-image":"","background-repeat":"repeat","background-position":"center center","background-size":"auto","background-attachment":"scroll","background-type":"","background-media":"","overlay-type":"","overlay-color":"","overlay-opacity":"","overlay-gradient":""},"tablet":{"background-color":"","background-image":"","background-repeat":"repeat","background-position":"center center","background-size":"auto","background-attachment":"scroll","background-type":"","background-media":"","overlay-type":"","overlay-color":"","overlay-opacity":"","overlay-gradient":""},"mobile":{"background-color":"","background-image":"","background-repeat":"repeat","background-position":"center center","background-size":"auto","background-attachment":"scroll","background-type":"","background-media":"","overlay-type":"","overlay-color":"","overlay-opacity":"","overlay-gradient":""}},"ast-content-background-meta":{"desktop":{"background-color":"var(--ast-global-color-5)","background-image":"","background-repeat":"repeat","background-position":"center center","background-size":"auto","background-attachment":"scroll","background-type":"","background-media":"","overlay-type":"","overlay-color":"","overlay-opacity":"","overlay-gradient":""},"tablet":{"background-color":"var(--ast-global-color-5)","background-image":"","background-repeat":"repeat","background-position":"center center","background-size":"auto","background-attachment":"scroll","background-type":"","background-media":"","overlay-type":"","overlay-color":"","overlay-opacity":"","overlay-gradient":""},"mobile":{"background-color":"var(--ast-global-color-5)","background-image":"","background-repeat":"repeat","background-position":"center center","background-size":"auto","background-attachment":"scroll","background-type":"","background-media":"","overlay-type":"","overlay-color":"","overlay-opacity":"","overlay-gradient":""}},"footnotes":""},"class_list":["post-950","page","type-page","status-publish","hentry"],"aioseo_notices":[],"uagb_featured_image_src":{"full":false,"thumbnail":false,"medium":false,"medium_large":false,"large":false,"1536x1536":false,"2048x2048":false,"trp-custom-language-flag":false,"gform-image-choice-sm":false,"gform-image-choice-md":false,"gform-image-choice-lg":false},"uagb_author_info":{"display_name":"LIUNA Staff","author_link":"https:\/\/www.mi-laborers.org\/es\/news\/author\/jontrujillo\/"},"uagb_comment_info":0,"uagb_excerpt":"2026 Scholarship Golf Outing Register Now The Michigan Laborers 8th Annual Scholarship Fund Golf Outing will be held at Eagle Eye Golf Club in East Lansing on Thursday, August 20, 2026. Registration starts at 7:30AM and golf will begin with a shotgun start at 9:00AM with lunch at the turn, cocktails, prizes, and a reception&hellip;","_links":{"self":[{"href":"https:\/\/www.mi-laborers.org\/es\/wp-json\/wp\/v2\/pages\/950","targetHints":{"allow":["GET"]}}],"collection":[{"href":"https:\/\/www.mi-laborers.org\/es\/wp-json\/wp\/v2\/pages"}],"about":[{"href":"https:\/\/www.mi-laborers.org\/es\/wp-json\/wp\/v2\/types\/page"}],"author":[{"embeddable":true,"href":"https:\/\/www.mi-laborers.org\/es\/wp-json\/wp\/v2\/users\/1"}],"replies":[{"embeddable":true,"href":"https:\/\/www.mi-laborers.org\/es\/wp-json\/wp\/v2\/comments?post=950"}],"version-history":[{"count":11,"href":"https:\/\/www.mi-laborers.org\/es\/wp-json\/wp\/v2\/pages\/950\/revisions"}],"predecessor-version":[{"id":2477,"href":"https:\/\/www.mi-laborers.org\/es\/wp-json\/wp\/v2\/pages\/950\/revisions\/2477"}],"wp:attachment":[{"href":"https:\/\/www.mi-laborers.org\/es\/wp-json\/wp\/v2\/media?parent=950"}],"curies":[{"name":"wp","href":"https:\/\/api.w.org\/{rel}","templated":true}]}}