{"id":750,"date":"2022-08-16T12:51:17","date_gmt":"2022-08-16T17:51:17","guid":{"rendered":"https:\/\/www.mi-laborers.org\/?page_id=750"},"modified":"2026-02-24T13:29:43","modified_gmt":"2026-02-24T18:29:43","slug":"contact-copy","status":"publish","type":"page","link":"https:\/\/www.mi-laborers.org\/es\/about","title":{"rendered":"Sobre nosotros"},"content":{"rendered":"<h1>\n\t\t\t\tSobre nosotros\n\t\t\t<\/h1>\n\t<p>El Consejo del Distrito de Trabajadores de Michigan es la entidad estatal que supervisa nuestros siete sindicatos locales. Sus responsabilidades principales incluyen:<\/p>\n<ul>\n<li>sirviendo como organismo matriz en varios fondos sindicales<\/li>\n<li>coordinaci\u00f3n de esfuerzos entre los sindicatos locales<\/li>\n<li>negociaciones de contratos<\/li>\n<li>interfaz con nuestra Uni\u00f3n Regional e Internacional<\/li>\n<\/ul>\n\t<p><strong>LIUNA - Uni\u00f3n Internacional de Trabajadores de Am\u00e9rica del Norte<\/strong> \u2013 representa a los trabajadores que est\u00e1n orgullosos de construir Michigan. Estamos unidos a trav\u00e9s de convenios colectivos para obtener mejores salarios, m\u00e1s trabajo y mayores oportunidades para nuestra fuerza laboral sindicalizada.<\/p>\n\t<p>Los miembros de LIUNA son una fuerza laboral sindical capacitada y experimentada capacitada para trabajar de manera segura en las industrias de la construcci\u00f3n y la energ\u00eda. Los miembros construyen infraestructura, desde carreteras, puentes y tr\u00e1nsito hasta escuelas y rascacielos. Est\u00e1n certificados para instalar sistemas de captaci\u00f3n de agua de lluvia y capacitados para construir sistemas de agua y alcantarillado. Los miembros tambi\u00e9n trabajan en todas las \u00e1reas del sector energ\u00e9tico, ayudando a construir plantas solares, parques e\u00f3licos y gasoductos y oleoductos, adem\u00e1s de ser expertos en el mantenimiento de instalaciones de plantas de energ\u00eda nuclear y de carb\u00f3n.<\/p>\n<p>LIUNA tambi\u00e9n representa a empleados p\u00fablicos en atenci\u00f3n m\u00e9dica, saneamiento, mantenimiento de carreteras y respuesta a emergencias. El Sindicato Nacional de Manejadores de Correo Postal (NPMHU), que representa a los Manejadores de Correo empleados por el Servicio Postal de los Estados Unidos, tambi\u00e9n est\u00e1 afiliado a LIUNA.<\/p>\n\t\t\t<a href=\"https:\/\/mltai.kintone.com\/login?redirect=https%3A%2F%2Fmltai.kintone.com%2Fk%2F#\/portal\" target=\"_blank\" rel=\"noopener\">\n\t\t\t\t\t\t\tInicio de sesi\u00f3n del sindicato local\n\t\t\t\t\t<\/a>\n\t\t\t\t<img decoding=\"async\" src=\"http:\/\/www.mi-laborers.org\/wp-content\/uploads\/2022\/05\/DavisBacon.png\" alt=\"DavisBacon\" itemprop=\"image\" title=\"davisbacon\" onerror=\"this.style.display='none'\" loading=\"lazy\" \/>\n\t\t\t\t<img decoding=\"async\" src=\"https:\/\/www.mi-laborers.org\/wp-content\/uploads\/bb-plugin\/cache\/brent-w-glow-square-139278dd90c4c5e01960019d8efa0345-.png\" alt=\"brent w glow\" itemprop=\"image\" height=\"1080\" width=\"1080\" title=\"brent w glow\" onerror=\"this.style.display='none'\" loading=\"lazy\" \/>\n<h3>Brent Pilarski<\/h3>\n<p>Gerente Comercial del Consejo del Distrito de Trabajadores de Michigan<\/p>\n\t\t\t\t<img decoding=\"async\" src=\"https:\/\/www.mi-laborers.org\/wp-content\/uploads\/bb-plugin\/cache\/AZurek_WB-square-8bd61080f22a260ec30248ee9392486b-.jpg\" alt=\"AZurek_WB\" itemprop=\"image\" height=\"1000\" width=\"1000\" title=\"AZurek_WB\" onerror=\"this.style.display='none'\" loading=\"lazy\" \/>\n<h3>Alex Zurek<\/h3><p>Secretario-Tesorero del Consejo del Distrito de Trabajadores de Michigan<\/p>\n\t\t\t\t<img decoding=\"async\" src=\"https:\/\/www.mi-laborers.org\/wp-content\/uploads\/bb-plugin\/cache\/Lynda-shop-square-61b4041657d23d96a568f9e6562f58f8-.png\" alt=\"Lynda shop\" itemprop=\"image\" title=\"Lynda shop\" onerror=\"this.style.display='none'\" loading=\"lazy\" \/>\n<h3>Linda Pittman<\/h3><p>Gerente de la Oficina del Consejo del Distrito de Trabajadores de Michigan<\/p>\n\t\t\t\t<img decoding=\"async\" src=\"https:\/\/www.mi-laborers.org\/wp-content\/uploads\/bb-plugin\/cache\/Hilliker-Photo-square-d8cbc1d6cc234dd900e5809a252eb02a-.png\" alt=\"Hilliker Photo\" itemprop=\"image\" height=\"864\" width=\"1184\" title=\"Hilliker Photo\" onerror=\"this.style.display='none'\" loading=\"lazy\" \/>\n<h3>jacob hilliker<\/h3><p>Michigan Laborers District Council Chief of Staff &amp; GROC Marketing Manager<\/p>\n\t\t\t\t<img decoding=\"async\" src=\"https:\/\/www.mi-laborers.org\/wp-content\/uploads\/bb-plugin\/cache\/toomey-w-glow-square-88888bcd71a526f539f65f4cf3d76fc4-.png\" alt=\"toomey w glow\" itemprop=\"image\" height=\"1260\" width=\"1260\" title=\"toomey w glow\" onerror=\"this.style.display='none'\" loading=\"lazy\" \/>\n<h3>Jacob Toomey<\/h3><p>Michigan Laborers District Council Deputy Director of Government Affairs<\/p>\n\t\t\t\t<img decoding=\"async\" src=\"https:\/\/www.mi-laborers.org\/wp-content\/uploads\/bb-plugin\/cache\/Dick-Pick-w-glow-square-2859129c48755bb558cd374b08f172f8-.png\" alt=\"Dick Pick w glow\" itemprop=\"image\" height=\"1080\" width=\"1080\" title=\"Dick Pick w glow\" onerror=\"this.style.display='none'\" loading=\"lazy\" \/>\n<h3>ricardo turner<\/h3><p>Directora del Fideicomiso de Cooperaci\u00f3n y Educaci\u00f3n de los Empleadores de los Trabajadores (LECET)<\/p>\n\t\t\t\t<img decoding=\"async\" src=\"https:\/\/www.mi-laborers.org\/wp-content\/uploads\/bb-plugin\/cache\/paul-w-glow-square-c0377da9d9c381ad480812d9f725324a-.png\" alt=\"paul w glow\" itemprop=\"image\" height=\"1024\" width=\"1024\" title=\"paul w glow\" onerror=\"this.style.display='none'\" loading=\"lazy\" \/>\n<h3>Pablo Zurek<\/h3><p>Laborers&#8217;-Employers&#8217; Cooperation &amp; Education Trust (LECET) Creative Director<\/p>\n\t\t\t\t<img decoding=\"async\" src=\"https:\/\/www.mi-laborers.org\/wp-content\/uploads\/bb-plugin\/cache\/grant-less-glow-square-cb8b535832b7988365d0a0a809fdec86-.png\" alt=\"grant less glow\" itemprop=\"image\" title=\"grant less glow\" onerror=\"this.style.display='none'\" loading=\"lazy\" \/>\n<h3>Grant Coppersmith<\/h3><p>Analista de Operaciones del Fideicomiso de Cooperaci\u00f3n y Educaci\u00f3n entre Trabajadores y Empleadores (LECET)<\/p>\n\t\t\t\t<img decoding=\"async\" src=\"https:\/\/www.mi-laborers.org\/wp-content\/uploads\/bb-plugin\/cache\/dane-less-glow-scaled-square-fc7077a1f8359b08ce9c836b3440290c-.png\" alt=\"dane less glow\" itemprop=\"image\" height=\"2560\" width=\"2560\" title=\"dane less glow\" onerror=\"this.style.display='none'\" loading=\"lazy\" \/>\n<h3>Dane Dario<\/h3><p>Laborers&#8217;-Employers&#8217; Cooperation &amp; Education Trust (LECET) Communications Coordinator<\/p>\n\t\t\t\t<img decoding=\"async\" src=\"https:\/\/www.mi-laborers.org\/wp-content\/uploads\/bb-plugin\/cache\/Wiley-w-glow-square-b0762ee9b5abc2bd5ee3a12aa672c12f-.png\" alt=\"Wiley w glow\" itemprop=\"image\" height=\"1000\" width=\"1000\" title=\"Wiley w glow\" onerror=\"this.style.display='none'\" loading=\"lazy\" \/>\n<h3>Jeff Smrz<\/h3><p>Subdirector de Capacitaci\u00f3n de Trabajadores de Michigan<\/p>\n\t\t\t\t<img decoding=\"async\" src=\"https:\/\/www.mi-laborers.org\/wp-content\/uploads\/bb-plugin\/cache\/Tyrese-w-glow-square-006873b1ce7e44030f1a56b88ae2a554-.png\" alt=\"Tyrese w glow\" itemprop=\"image\" height=\"1260\" width=\"1260\" title=\"Tyrese w glow\" onerror=\"this.style.display='none'\" loading=\"lazy\" \/>\n<h3>Tyrese West<\/h3><p>Laborers&#8217; Training of Michigan Apprenticeship Coordinator<\/p>\n\t\t\t\t<img decoding=\"async\" src=\"https:\/\/www.mi-laborers.org\/wp-content\/uploads\/2025\/11\/trent-less-glow.png\" alt=\"trent less glow\" itemprop=\"image\" title=\"trent less glow\" onerror=\"this.style.display='none'\" loading=\"lazy\" \/>\n<h3>Trent Varva<\/h3><p>Michigan Laborers Fringe Benefit Funds Joint Delinquency Committee (JDC) Collections Coordinator<\/p>\n\t<h3>\n\t\t\t\tconsejo de distrito\n\t\t\t<\/h3>\n\t\t\t<p><strong><em>Gerente de negocios<\/em><\/strong>: Brent Pilarski<strong><em>secretario tesorero<\/em>:<\/strong> Alex Zurek<strong><em>Sitio web<\/em>:<\/strong> <a href=\"http:\/\/www.mi-laborers.org\/es\/\" target=\"_blank\" rel=\"noopener\">www.Mi-Laborers.org<\/a><strong><em>Direcci\u00f3n<\/em>:<\/strong> 1118 Centennial Way, Suite 100 Lansing, MI 48917<strong><em>Tel\u00e9fono<\/em>:<\/strong> (517) 321-2349<em><strong>Fax:<\/strong> <\/em>(517) 321-3266<strong><em>Jurisdicci\u00f3n<\/em>:<\/strong> En todo el estado<\/p>\t\n\t<h3>\n\t\t\t\tFondo de beneficios para trabajadores de Michigan\n\t\t\t<\/h3>\n\t\t\t<p><em><strong>Administrator: <\/strong><\/em>WPAS<strong><em>Sitio web<\/em>:<\/strong> <a href=\"http:\/\/www.michiganlaborers.org\/\" target=\"_blank\" rel=\"noopener\">www.MichiganLaborers.org<\/a><strong><em>Direcci\u00f3n<\/em>:<\/strong> 6452 Milenio Dr. Ste. 100, Lansing MI 48917<strong><em>Tel\u00e9fono<\/em>:<\/strong> (877) 645-2267<strong><em>Fax<\/em>:<\/strong> (517) 689-6016\u00a0<em><strong>Metro Administrator (Detroit &amp; Vicinity): <\/strong><\/em>BeneSys<strong><em>Sitio web<\/em>:<\/strong> <a href=\"https:\/\/www.ourbenefitoffice.com\/LaborersDV\/\" target=\"_blank\" rel=\"noopener\">https:\/\/www.ourbenefitoffice.com\/LaborersDV\/<\/a><strong><em>Direcci\u00f3n<\/em>:<\/strong> 700 Tower Dr. Ste. 300, Troy MI 48098<strong><em>Tel\u00e9fono<\/em>:<\/strong> (248) 813-9800<strong><em>Fax<\/em>:<\/strong> (248) 813-9898<\/p>\t\n\t<h3>\n\t\t\t\tLocal 355\n\t\t\t<\/h3>\n\t\t\t<p><strong><em>Gerente de negocios<\/em>:<\/strong> arlandar washington<strong><em>secretario tesorero<\/em>:<\/strong> Jesse DuVerneay<strong><em>Sitio web:<\/em><\/strong>\u00a0<a href=\"http:\/\/www.local355.org\/\">www.Local355.org<\/a><strong><em>Direcci\u00f3n:<\/em>\u00a0<\/strong>1500 E. Columbia Ave. Battle Creek, MI 49014<strong><em>Tel\u00e9fono:<\/em><\/strong>\u00a0(269) 962-8010<strong><em>Fax:<\/em><\/strong>\u00a0(269) 962-1431<strong><em>Jurisdicci\u00f3n<\/em>:<\/strong> Allegan, Barry, Berrien, Branch, Calhoun, Cass, Ionia (excluyendo la ciudad de Portland), Kalamazoo, Kent, Lake, Manistee, Mason, Mecosta, Montcalm, Muskegon, Newaygo, Oceana, Osceola, Ottawa, St. Joseph y Condados de Van Buren<\/p>\t\n\t<h3>\n\t\t\t\tlocal 499\n\t\t\t<\/h3>\n\t\t\t<p><strong><em>Gerente de negocios<\/em>:<\/strong> dan minton<strong><em>secretario tesorero<\/em>:<\/strong> mike hayter<em><strong>Sitio web: <\/strong><\/em><a href=\"https:\/\/www.laborerslocal499.org\/\">www.laborerslocal499.org<\/a><strong><em>Direcci\u00f3n:<\/em><\/strong>\u00a03080 Platt Rd. Ann Arbor, MI 48108<strong><em>Tel\u00e9fono:<\/em><\/strong>\u00a0(734) 971-5212<strong><em>Fax:<\/em><\/strong>\u00a0(734) 971-0094<strong><em>Jurisdicci\u00f3n<\/em>:<\/strong> Condados de Clinton, Eaton, Hillsdale, Ingham, Jackson, Lenawee, Livingston, Monroe y Washtenaw<\/p>\t\n\t<h3>\n\t\t\t\tlocal 1075\n\t\t\t<\/h3>\n\t\t\t<p><strong><em>Gerente de negocios: <\/em><\/strong>Joel Archibald<strong><em>secretario tesorero<\/em>:<\/strong> david willert<strong><em>Sitio web:<\/em><\/strong>\u00a0<a href=\"http:\/\/www.liunalocal1075.org\/\">www.LiunaLocal1075.org<\/a><strong><em>Direcci\u00f3n:<\/em><\/strong>\u00a07024 N Dort Hwy. Monte Morris, MI 48458<strong><em>Tel\u00e9fono:<\/em><\/strong>\u00a0(810) 686-8381<strong><em>Fax:<\/em><\/strong>\u00a0(810) 686-1906<strong><em>Jurisdicci\u00f3n<\/em>:<\/strong> Condados de Genesee, Lapeer, Sanilac, Shiawassee y St. Clair<\/p>\t\n\t<h3>\n\t\t\t\tlocal 1076\n\t\t\t<\/h3>\n\t\t\t<p><strong><em>Gerente de negocios<\/em>:<\/strong> Nick por defecto<strong><em>Secretario Tesorero: <\/em><\/strong>Pablo Gassel<strong><em>Sitio web:<\/em>\u00a0<\/strong><a href=\"http:\/\/www.constructionlaborers1076.org\/\">www.ConstructionLaborers1076.org<\/a><strong><em>Direcci\u00f3n:<\/em>\u00a0<\/strong>760 Joslyn Ave. Pontiac, MI 48340<strong><em>Tel\u00e9fono:<\/em><\/strong>\u00a0(248) 334-0509<strong><em>Fax:<\/em><\/strong>\u00a0(248) 334-0584<strong><em>Jurisdicci\u00f3n<\/em>:<\/strong> El condado de Oakland y la parte noreste del condado de Livingston limitan con la M-151 (Oak Grove Road) al oeste y la M-59 al sur<\/p>\t\n\t<h3>\n\t\t\t\tlocal 1098\n\t\t\t<\/h3>\n\t\t\t<p><strong><em>Gerente Comercial\/Secretario Tesorero<\/em>:<\/strong> Jeff Pilarski<strong><em>Sitio web:<\/em><\/strong>\u00a0<a href=\"http:\/\/www.local1098.org\/\">www.Local1098.org<\/a><strong><em>Direcci\u00f3n:<\/em><\/strong>\u00a0345 E. Morley Dr. Saginaw, MI 48601<strong><em>Tel\u00e9fono:<\/em>\u00a0<\/strong>(989) 752-6146<strong><em>Fax:<\/em>\u00a0<\/strong>(989) 752-5799<strong><em>Jurisdicci\u00f3n<\/em>:<\/strong> Alcona, Alpena, Arenac, Antrim, Bay, Benzie, Charlevoix, Cheboygan, Clare, Crawford, Emmet, Gladwin, Grand Traverse, Gratiot, Huron, Iosco, Isabella, Kalkaska, Leelanau, Midland, Missaukee, Montmorency, Ogemaw, Oscoda, Otsego , condados de Presque Isle, Roscommon, Saginaw, Tuscola y Wexford<\/p>\t\n\t<h3>\n\t\t\t\tlocal 1191\n\t\t\t<\/h3>\n\t\t\t<p><strong><em>Gerente de negocios<\/em>:<\/strong> mike aar\u00f3n<strong><em>Secretario Tesorero: <\/em><\/strong>Mikyia Aar\u00f3n<strong><em>Sitio web:<\/em><\/strong>\u00a0<a href=\"http:\/\/www.laborerslocal1191.org\/\">www.LaborersLocal1191.org<\/a><strong><em>Direcci\u00f3n:<\/em><\/strong>\u00a02161 West Grand Blvd. Detroit, MI 48208<strong><em>Tel\u00e9fono:<\/em><\/strong>\u00a0(313) 894-2241<strong><em>Fax:<\/em><\/strong>\u00a0(313) 894-6250<strong><em>Jurisdicci\u00f3n<\/em>:<\/strong> Condados de Wayne y Macomb<\/p>\t\n\t<h3>\n\t\t\t\tlocal 1329\n\t\t\t<\/h3>\n\t\t\t<p><strong><em>Gerente de negocios<\/em>:<\/strong> Geno Alessandrini Jr.<strong><em>secretario tesorero<\/em>:<\/strong> antonio alessandrini<strong><em>Sitio web:<\/em>\u00a0<\/strong><a href=\"http:\/\/www.liunalocal1329.org\/\">www.LiunaLocal1329.org<\/a><strong><em>Direcci\u00f3n:<\/em>\u00a0<\/strong>1800 N. Stephenson Ave. Iron Mountain, MI 49801<strong><em>Tel\u00e9fono:<\/em>\u00a0<\/strong>(906) 774-6070<strong><em>Fax<\/em>:\u00a0<\/strong>(906) 774-1199<em>Jurisdicci\u00f3n<\/em>: Condado de Alger, Baraga, Chippewa, Delta, Dickinson, Gogebic, Houghton, Iron, Keweenaw, Luce, Mackinac, Marquette, Menominee, Ontonagon y Schoolcraft; Condado de Florence y la ciudad de Marinette Wisconsin<\/p>\t\n\t<h3>\n\t\t\t\t\u00bfEst\u00e1 buscando su informaci\u00f3n de contacto local?\n\t\t\t<\/h3>\n\t\t\t<p>Encuentre su informaci\u00f3n de contacto local en la p\u00e1gina de miembros.<\/p>\t\n\t\t\t<a href=\"https:\/\/www.mi-laborers.org\/es\/members\/#map\" title=\"ENCUENTRA TU LOCAL\" target=\"_self\"   role=\"button\" aria-label=\"ENCUENTRA TU LOCAL\">\n\t\t\t\t\t\t\tENCUENTRA TU LOCAL\n\t\t<\/a>","protected":false},"excerpt":{"rendered":"<p>About Us The Michigan Laborers District Council is the statewide entity which oversees our seven Local Unions. It&#8217;s primary responsibilities include: serving as parent body on various union funds coordinating efforts among the local unions contract negotiations interfacing with our Regional and International Union LIUNA &#8211; the Laborers&#8217; International Union of North America &#8211; represents [&hellip;]<\/p>\n","protected":false},"author":1,"featured_media":0,"parent":0,"menu_order":0,"comment_status":"closed","ping_status":"closed","template":"","meta":{"om_disable_all_campaigns":false,"_uag_custom_page_level_css":"","_monsterinsights_skip_tracking":false,"_monsterinsights_sitenote_active":false,"_monsterinsights_sitenote_note":"","_monsterinsights_sitenote_category":0,"_uf_show_specific_survey":0,"_uf_disable_surveys":false,"site-sidebar-layout":"no-sidebar","site-content-layout":"page-builder","ast-site-content-layout":"full-width-container","site-content-style":"unboxed","site-sidebar-style":"unboxed","ast-global-header-display":"","ast-banner-title-visibility":"","ast-main-header-display":"","ast-hfb-above-header-display":"","ast-hfb-below-header-display":"","ast-hfb-mobile-header-display":"","site-post-title":"disabled","ast-breadcrumbs-content":"","ast-featured-img":"disabled","footer-sml-layout":"","ast-disable-related-posts":"","theme-transparent-header-meta":"","adv-header-id-meta":"","stick-header-meta":"","header-above-stick-meta":"","header-main-stick-meta":"","header-below-stick-meta":"","astra-migrate-meta-layouts":"set","ast-page-background-enabled":"default","ast-page-background-meta":{"desktop":{"background-color":"var(--ast-global-color-4)","background-image":"","background-repeat":"repeat","background-position":"center center","background-size":"auto","background-attachment":"scroll","background-type":"","background-media":"","overlay-type":"","overlay-color":"","overlay-opacity":"","overlay-gradient":""},"tablet":{"background-color":"","background-image":"","background-repeat":"repeat","background-position":"center center","background-size":"auto","background-attachment":"scroll","background-type":"","background-media":"","overlay-type":"","overlay-color":"","overlay-opacity":"","overlay-gradient":""},"mobile":{"background-color":"","background-image":"","background-repeat":"repeat","background-position":"center center","background-size":"auto","background-attachment":"scroll","background-type":"","background-media":"","overlay-type":"","overlay-color":"","overlay-opacity":"","overlay-gradient":""}},"ast-content-background-meta":{"desktop":{"background-color":"var(--ast-global-color-5)","background-image":"","background-repeat":"repeat","background-position":"center center","background-size":"auto","background-attachment":"scroll","background-type":"","background-media":"","overlay-type":"","overlay-color":"","overlay-opacity":"","overlay-gradient":""},"tablet":{"background-color":"var(--ast-global-color-5)","background-image":"","background-repeat":"repeat","background-position":"center center","background-size":"auto","background-attachment":"scroll","background-type":"","background-media":"","overlay-type":"","overlay-color":"","overlay-opacity":"","overlay-gradient":""},"mobile":{"background-color":"var(--ast-global-color-5)","background-image":"","background-repeat":"repeat","background-position":"center center","background-size":"auto","background-attachment":"scroll","background-type":"","background-media":"","overlay-type":"","overlay-color":"","overlay-opacity":"","overlay-gradient":""}},"footnotes":""},"class_list":["post-750","page","type-page","status-publish","hentry"],"aioseo_notices":[],"uagb_featured_image_src":{"full":false,"thumbnail":false,"medium":false,"medium_large":false,"large":false,"1536x1536":false,"2048x2048":false,"trp-custom-language-flag":false,"gform-image-choice-sm":false,"gform-image-choice-md":false,"gform-image-choice-lg":false},"uagb_author_info":{"display_name":"LIUNA Staff","author_link":"https:\/\/www.mi-laborers.org\/es\/news\/author\/jontrujillo\/"},"uagb_comment_info":0,"uagb_excerpt":"About Us The Michigan Laborers District Council is the statewide entity which oversees our seven Local Unions. It&#8217;s primary responsibilities include: serving as parent body on various union funds coordinating efforts among the local unions contract negotiations interfacing with our Regional and International Union LIUNA &#8211; the Laborers&#8217; International Union of North America &#8211; represents&hellip;","_links":{"self":[{"href":"https:\/\/www.mi-laborers.org\/es\/wp-json\/wp\/v2\/pages\/750","targetHints":{"allow":["GET"]}}],"collection":[{"href":"https:\/\/www.mi-laborers.org\/es\/wp-json\/wp\/v2\/pages"}],"about":[{"href":"https:\/\/www.mi-laborers.org\/es\/wp-json\/wp\/v2\/types\/page"}],"author":[{"embeddable":true,"href":"https:\/\/www.mi-laborers.org\/es\/wp-json\/wp\/v2\/users\/1"}],"replies":[{"embeddable":true,"href":"https:\/\/www.mi-laborers.org\/es\/wp-json\/wp\/v2\/comments?post=750"}],"version-history":[{"count":11,"href":"https:\/\/www.mi-laborers.org\/es\/wp-json\/wp\/v2\/pages\/750\/revisions"}],"predecessor-version":[{"id":2480,"href":"https:\/\/www.mi-laborers.org\/es\/wp-json\/wp\/v2\/pages\/750\/revisions\/2480"}],"wp:attachment":[{"href":"https:\/\/www.mi-laborers.org\/es\/wp-json\/wp\/v2\/media?parent=750"}],"curies":[{"name":"wp","href":"https:\/\/api.w.org\/{rel}","templated":true}]}}