{"id":738,"date":"2022-08-04T23:54:32","date_gmt":"2022-08-05T04:54:32","guid":{"rendered":"https:\/\/www.mi-laborers.org\/?page_id=738"},"modified":"2023-05-23T12:43:44","modified_gmt":"2023-05-23T17:43:44","slug":"chris-chwalek-copy-copy-copy-copy-copy-copy-copy","status":"publish","type":"page","link":"https:\/\/www.mi-laborers.org\/es\/careers\/mldc\/marcus-trammell","title":{"rendered":"marcus trammell"},"content":{"rendered":"<h1>\n\t\t\u00danete a LIUNA\n\t<\/h1>\n\t\t\t<a href=\"#form\" target=\"_self\" role=\"button\" aria-label=\"HABLEMOS\" rel=\"noopener\">\n\t\t\t\t\t\t\tHABLEMOS\n\t\t<\/a>\n\t<h2>\n\t\t\t\tComplete \u00e9ste formulario\n\t\t\t<\/h2>\n\t\t\t<p>Todos los d\u00edas, miles de trabajadores se presentan para construir Michigan. Han elegido la carrera profesional que mejor se adapta a ellos: trabajo divertido, salario por hora garantizado, atenci\u00f3n m\u00e9dica incre\u00edble y jubilaci\u00f3n.<\/p>\t\n\t<iframe loading=\"lazy\" src=\"https:\/\/airtable.com\/embed\/shrzH9G5spiNDn7VF?prefill_Form+Source=Marcus+Trammell&#038;hide_Form+Source=true&#038;backgroundColor=green\" frameborder=\"0\" onmousewheel=\"\" width=\"100%\" height=\"1754\"><\/iframe>\n\n\t<h3>Director de investigaci\u00f3n<\/h3>\n(M) (517) 877-2735<br \/>\n<a href=\"mailto:mtrammell@mi-laborers.org\">Correo electr\u00f3nico<\/a>\n\t<p>Marcus Trammell se uni\u00f3 a LIUNA en 2021. Anteriormente trabaj\u00f3 para la Universidad de Vanderbilt, la AFL-CIO Nacional, la UAW y la AFSCME en las \u00e1reas de organizaci\u00f3n, administraci\u00f3n e investigaci\u00f3n. Ha pasado m\u00e1s de una d\u00e9cada trabajando como organizador laboral, comunitario y pol\u00edtico en los Estados Unidos, predominantemente en el Medio Oeste y el Sur.<\/p>\n<ul>\n<li>BA Universidad de Siena Heights 2003<\/li>\n<li>MTS Universidad de Vanderbilt 2006<\/li>\n<li>MBA Universidad Estatal de Tennessee 2021<\/li>\n<\/ul>\n\t\t\t\t<img loading=\"lazy\" decoding=\"async\" src=\"https:\/\/www.mi-laborers.org\/wp-content\/uploads\/2022\/09\/MTrammell1-square-1.jpeg\" alt=\"MTrammell1-square\" itemprop=\"image\" height=\"500\" width=\"500\" title=\"MTrammell1-cuadrado\" onerror=\"this.style.display='none'\"  \/>","protected":false},"excerpt":{"rendered":"<p>Join LIUNA LET&#8217;S TALK Fill out this form Everyday thousands of workers show up to build Michigan.They have chosen the career path that best suits them &#8211; fun work, guaranteed hourly wage, incredible healthcare, and retirement. Research Director (M) (517) 877-2735 Email Marcus Trammell joined LIUNA in 2021. He previously worked for Vanderbilt University, the [&hellip;]<\/p>\n","protected":false},"author":1,"featured_media":611,"parent":0,"menu_order":0,"comment_status":"closed","ping_status":"closed","template":"","meta":{"om_disable_all_campaigns":false,"_uag_custom_page_level_css":"","_monsterinsights_skip_tracking":false,"_monsterinsights_sitenote_active":false,"_monsterinsights_sitenote_note":"","_monsterinsights_sitenote_category":0,"_uf_show_specific_survey":0,"_uf_disable_surveys":false,"site-sidebar-layout":"default","site-content-layout":"page-builder","ast-site-content-layout":"default","site-content-style":"default","site-sidebar-style":"default","ast-global-header-display":"","ast-banner-title-visibility":"","ast-main-header-display":"","ast-hfb-above-header-display":"","ast-hfb-below-header-display":"","ast-hfb-mobile-header-display":"","site-post-title":"disabled","ast-breadcrumbs-content":"","ast-featured-img":"disabled","footer-sml-layout":"","ast-disable-related-posts":"","theme-transparent-header-meta":"","adv-header-id-meta":"","stick-header-meta":"","header-above-stick-meta":"","header-main-stick-meta":"","header-below-stick-meta":"","astra-migrate-meta-layouts":"default","ast-page-background-enabled":"default","ast-page-background-meta":{"desktop":{"background-color":"var(--ast-global-color-4)","background-image":"","background-repeat":"repeat","background-position":"center center","background-size":"auto","background-attachment":"scroll","background-type":"","background-media":"","overlay-type":"","overlay-color":"","overlay-opacity":"","overlay-gradient":""},"tablet":{"background-color":"","background-image":"","background-repeat":"repeat","background-position":"center center","background-size":"auto","background-attachment":"scroll","background-type":"","background-media":"","overlay-type":"","overlay-color":"","overlay-opacity":"","overlay-gradient":""},"mobile":{"background-color":"","background-image":"","background-repeat":"repeat","background-position":"center center","background-size":"auto","background-attachment":"scroll","background-type":"","background-media":"","overlay-type":"","overlay-color":"","overlay-opacity":"","overlay-gradient":""}},"ast-content-background-meta":{"desktop":{"background-color":"var(--ast-global-color-5)","background-image":"","background-repeat":"repeat","background-position":"center center","background-size":"auto","background-attachment":"scroll","background-type":"","background-media":"","overlay-type":"","overlay-color":"","overlay-opacity":"","overlay-gradient":""},"tablet":{"background-color":"var(--ast-global-color-5)","background-image":"","background-repeat":"repeat","background-position":"center center","background-size":"auto","background-attachment":"scroll","background-type":"","background-media":"","overlay-type":"","overlay-color":"","overlay-opacity":"","overlay-gradient":""},"mobile":{"background-color":"var(--ast-global-color-5)","background-image":"","background-repeat":"repeat","background-position":"center center","background-size":"auto","background-attachment":"scroll","background-type":"","background-media":"","overlay-type":"","overlay-color":"","overlay-opacity":"","overlay-gradient":""}},"footnotes":""},"class_list":["post-738","page","type-page","status-publish","has-post-thumbnail","hentry"],"aioseo_notices":[],"uagb_featured_image_src":{"full":["https:\/\/www.mi-laborers.org\/wp-content\/uploads\/2022\/07\/ChrisChwalek_Photo-e1658948422789.jpeg",993,993,false],"thumbnail":["https:\/\/www.mi-laborers.org\/wp-content\/uploads\/2022\/07\/ChrisChwalek_Photo-e1658948422789-150x150.jpeg",150,150,true],"medium":["https:\/\/www.mi-laborers.org\/wp-content\/uploads\/2022\/07\/ChrisChwalek_Photo-e1658948422789-300x300.jpeg",300,300,true],"medium_large":["https:\/\/www.mi-laborers.org\/wp-content\/uploads\/2022\/07\/ChrisChwalek_Photo-e1658948422789-768x768.jpeg",768,768,true],"large":["https:\/\/www.mi-laborers.org\/wp-content\/uploads\/2022\/07\/ChrisChwalek_Photo-768x1024.jpeg",768,1024,true],"1536x1536":["https:\/\/www.mi-laborers.org\/wp-content\/uploads\/2022\/07\/ChrisChwalek_Photo-e1658948422789.jpeg",993,993,false],"2048x2048":["https:\/\/www.mi-laborers.org\/wp-content\/uploads\/2022\/07\/ChrisChwalek_Photo-e1658948422789.jpeg",993,993,false],"trp-custom-language-flag":["https:\/\/www.mi-laborers.org\/wp-content\/uploads\/2022\/07\/ChrisChwalek_Photo-e1658948422789-12x12.jpeg",12,12,true],"gform-image-choice-sm":["https:\/\/www.mi-laborers.org\/wp-content\/uploads\/2022\/07\/ChrisChwalek_Photo-e1658948422789.jpeg",300,300,false],"gform-image-choice-md":["https:\/\/www.mi-laborers.org\/wp-content\/uploads\/2022\/07\/ChrisChwalek_Photo-e1658948422789.jpeg",400,400,false],"gform-image-choice-lg":["https:\/\/www.mi-laborers.org\/wp-content\/uploads\/2022\/07\/ChrisChwalek_Photo-e1658948422789.jpeg",600,600,false]},"uagb_author_info":{"display_name":"LIUNA Staff","author_link":"https:\/\/www.mi-laborers.org\/es\/news\/author\/jontrujillo\/"},"uagb_comment_info":0,"uagb_excerpt":"Join LIUNA LET&#8217;S TALK Fill out this form Everyday thousands of workers show up to build Michigan.They have chosen the career path that best suits them &#8211; fun work, guaranteed hourly wage, incredible healthcare, and retirement. Research Director (M) (517) 877-2735 Email Marcus Trammell joined LIUNA in 2021. He previously worked for Vanderbilt University, the&hellip;","_links":{"self":[{"href":"https:\/\/www.mi-laborers.org\/es\/wp-json\/wp\/v2\/pages\/738","targetHints":{"allow":["GET"]}}],"collection":[{"href":"https:\/\/www.mi-laborers.org\/es\/wp-json\/wp\/v2\/pages"}],"about":[{"href":"https:\/\/www.mi-laborers.org\/es\/wp-json\/wp\/v2\/types\/page"}],"author":[{"embeddable":true,"href":"https:\/\/www.mi-laborers.org\/es\/wp-json\/wp\/v2\/users\/1"}],"replies":[{"embeddable":true,"href":"https:\/\/www.mi-laborers.org\/es\/wp-json\/wp\/v2\/comments?post=738"}],"version-history":[{"count":6,"href":"https:\/\/www.mi-laborers.org\/es\/wp-json\/wp\/v2\/pages\/738\/revisions"}],"predecessor-version":[{"id":1436,"href":"https:\/\/www.mi-laborers.org\/es\/wp-json\/wp\/v2\/pages\/738\/revisions\/1436"}],"wp:featuredmedia":[{"embeddable":true,"href":"https:\/\/www.mi-laborers.org\/es\/wp-json\/wp\/v2\/media\/611"}],"wp:attachment":[{"href":"https:\/\/www.mi-laborers.org\/es\/wp-json\/wp\/v2\/media?parent=738"}],"curies":[{"name":"wp","href":"https:\/\/api.w.org\/{rel}","templated":true}]}}