{"id":735,"date":"2022-08-04T23:50:55","date_gmt":"2022-08-05T04:50:55","guid":{"rendered":"https:\/\/www.mi-laborers.org\/?page_id=735"},"modified":"2025-12-02T09:34:22","modified_gmt":"2025-12-02T14:34:22","slug":"chris-chwalek-copy-copy-copy-copy-copy-copy","status":"publish","type":"page","link":"https:\/\/www.mi-laborers.org\/es\/careers\/1098\/chris-taylor","title":{"rendered":"cris taylor"},"content":{"rendered":"<h1>\n\t\t\t\u00danete a LIUNA\t<\/h1>\n\t\t\t<a href=\"#form\" title=\"Haga clic aqu\u00ed\" target=\"_self\"   role=\"button\" aria-label=\"HABLEMOS\">\n\t\t\t\t\t\t\tHABLEMOS\n\t\t<\/a>\n\t<h2>\n\t\t\t\tComplete \u00e9ste formulario\n\t\t\t<\/h2>\n\t\t\t<p>Todos los d\u00edas, miles de trabajadores se presentan para construir Michigan. Han elegido la carrera profesional que mejor se adapta a ellos: trabajo divertido, salario por hora garantizado, atenci\u00f3n m\u00e9dica incre\u00edble y jubilaci\u00f3n.<\/p>\t\n\t<iframe loading=\"lazy\" src=\"https:\/\/airtable.com\/embed\/shrzH9G5spiNDn7VF?prefill_Form+Source=Chris+Taylor&#038;hide_Form+Source=true&#038;backgroundColor=green\" frameborder=\"0\" onmousewheel=\"\" width=\"100%\" height=\"1754\"><\/iframe>\n\n\t<h3>Representante de ventas<\/h3>\n(M) (989) 397-7877<br \/>\n<a href=\"mailto:ctaylor@liunagroc.com\">Correo electr\u00f3nico<\/a>\n\t<p>Mi nombre es Chris Taylor. Soy obrero desde hace 15 a\u00f1os. He estado casado con Michelle durante 22 a\u00f1os y tengo dos hijos, Shelby, de 22 a\u00f1os, y Derek, de 19. Comenc\u00e9 en Laborers haciendo instalaci\u00f3n y servicio de calefacci\u00f3n y refrigeraci\u00f3n. Despu\u00e9s de seis a\u00f1os, me convert\u00ed en representante de marketing. Fui elegido en mi sindicato local como auditor en 2012.<\/p>\n<p>Despu\u00e9s de cuatro a\u00f1os como Auditor, me postul\u00e9 para Sargento de Armas y contin\u00fao en este puesto hoy. Antes de ingresar al Sindicato de Trabajadores, trabaj\u00e9 en calefacci\u00f3n y refrigeraci\u00f3n fuera del Sindicato y siempre luch\u00e9 para llegar a fin de mes. Despu\u00e9s de inscribirme, logr\u00e9 estabilidad financiera y brind\u00e9 la mejor atenci\u00f3n m\u00e9dica a mi familia. Ahora tengo seguridad, sabiendo que puedo jubilarme con una gran pensi\u00f3n cuando est\u00e9 listo. Tambi\u00e9n disfruto que mi Uni\u00f3n participe en eventos comunitarios y puedo ofrecerme como voluntario para ayudar a mi comunidad.<\/p>\n\t\t\t\t<img decoding=\"async\" src=\"https:\/\/www.mi-laborers.org\/wp-content\/uploads\/2022\/09\/ChrisTaylor-e1658949193376-square-1.jpeg\" alt=\"ChrisTaylor-e1658949193376-square\" itemprop=\"image\" height=\"435\" width=\"435\" title=\"ChrisTaylor-e1658949193376-cuadrado\" onerror=\"this.style.display='none'\" loading=\"lazy\" \/>\n\t<iframe allowfullscreen allow=\"autoplay\" data-src=\"https:\/\/player.vimeo.com\/video\/747761614?color&amp;autopause=0&amp;loop=0&amp;muted=0&amp;title=0&amp;portrait=0&amp;byline=0&amp;h=f9e27b86f6\"><\/iframe>\t\n\t<a href=\"https:\/\/www.mi-laborers.org\/es\/training\/\" target=\"_self\"  aria-label=\"Vaya a https:\/\/www.mi-laborers.org\/training\/\"><\/a>\n\t\t\t<h3>En las propias palabras de Chris<\/h3>\t\t\t\n\t\t\t\t<p>Chris Taylor comparte sus razones por las que unirse a la Uni\u00f3n es una decisi\u00f3n inteligente.<\/p>\n\t\t\t<a href=\"#form\" title=\"Haga clic aqu\u00ed\" target=\"_self\"   role=\"button\" aria-label=\"Hablemos\">\n\t\t\t\t\t\t\tHablemos\n\t\t<\/a>","protected":false},"excerpt":{"rendered":"<p>Join LIUNA LET&#8217;S TALK Fill out this form Everyday thousands of workers show up to build Michigan.They have chosen the career path that best suits them &#8211; fun work, guaranteed hourly wage, incredible healthcare, and retirement. Marketing Representative (M) (989) 397-7877 Email My name is Chris Taylor. I have been a Laborer for 15 years. [&hellip;]<\/p>\n","protected":false},"author":1,"featured_media":611,"parent":0,"menu_order":0,"comment_status":"closed","ping_status":"closed","template":"","meta":{"om_disable_all_campaigns":false,"_uag_custom_page_level_css":"","_monsterinsights_skip_tracking":false,"_monsterinsights_sitenote_active":false,"_monsterinsights_sitenote_note":"","_monsterinsights_sitenote_category":0,"_uf_show_specific_survey":0,"_uf_disable_surveys":false,"site-sidebar-layout":"default","site-content-layout":"page-builder","ast-site-content-layout":"full-width-container","site-content-style":"unboxed","site-sidebar-style":"unboxed","ast-global-header-display":"","ast-banner-title-visibility":"","ast-main-header-display":"","ast-hfb-above-header-display":"","ast-hfb-below-header-display":"","ast-hfb-mobile-header-display":"","site-post-title":"disabled","ast-breadcrumbs-content":"","ast-featured-img":"disabled","footer-sml-layout":"","ast-disable-related-posts":"","theme-transparent-header-meta":"","adv-header-id-meta":"","stick-header-meta":"","header-above-stick-meta":"","header-main-stick-meta":"","header-below-stick-meta":"","astra-migrate-meta-layouts":"set","ast-page-background-enabled":"default","ast-page-background-meta":{"desktop":{"background-color":"var(--ast-global-color-4)","background-image":"","background-repeat":"repeat","background-position":"center center","background-size":"auto","background-attachment":"scroll","background-type":"","background-media":"","overlay-type":"","overlay-color":"","overlay-opacity":"","overlay-gradient":""},"tablet":{"background-color":"","background-image":"","background-repeat":"repeat","background-position":"center center","background-size":"auto","background-attachment":"scroll","background-type":"","background-media":"","overlay-type":"","overlay-color":"","overlay-opacity":"","overlay-gradient":""},"mobile":{"background-color":"","background-image":"","background-repeat":"repeat","background-position":"center center","background-size":"auto","background-attachment":"scroll","background-type":"","background-media":"","overlay-type":"","overlay-color":"","overlay-opacity":"","overlay-gradient":""}},"ast-content-background-meta":{"desktop":{"background-color":"var(--ast-global-color-5)","background-image":"","background-repeat":"repeat","background-position":"center center","background-size":"auto","background-attachment":"scroll","background-type":"","background-media":"","overlay-type":"","overlay-color":"","overlay-opacity":"","overlay-gradient":""},"tablet":{"background-color":"var(--ast-global-color-5)","background-image":"","background-repeat":"repeat","background-position":"center center","background-size":"auto","background-attachment":"scroll","background-type":"","background-media":"","overlay-type":"","overlay-color":"","overlay-opacity":"","overlay-gradient":""},"mobile":{"background-color":"var(--ast-global-color-5)","background-image":"","background-repeat":"repeat","background-position":"center center","background-size":"auto","background-attachment":"scroll","background-type":"","background-media":"","overlay-type":"","overlay-color":"","overlay-opacity":"","overlay-gradient":""}},"footnotes":""},"class_list":["post-735","page","type-page","status-publish","has-post-thumbnail","hentry"],"aioseo_notices":[],"uagb_featured_image_src":{"full":["https:\/\/www.mi-laborers.org\/wp-content\/uploads\/2022\/07\/ChrisChwalek_Photo-e1658948422789.jpeg",993,993,false],"thumbnail":["https:\/\/www.mi-laborers.org\/wp-content\/uploads\/2022\/07\/ChrisChwalek_Photo-e1658948422789-150x150.jpeg",150,150,true],"medium":["https:\/\/www.mi-laborers.org\/wp-content\/uploads\/2022\/07\/ChrisChwalek_Photo-e1658948422789-300x300.jpeg",300,300,true],"medium_large":["https:\/\/www.mi-laborers.org\/wp-content\/uploads\/2022\/07\/ChrisChwalek_Photo-e1658948422789-768x768.jpeg",768,768,true],"large":["https:\/\/www.mi-laborers.org\/wp-content\/uploads\/2022\/07\/ChrisChwalek_Photo-768x1024.jpeg",768,1024,true],"1536x1536":["https:\/\/www.mi-laborers.org\/wp-content\/uploads\/2022\/07\/ChrisChwalek_Photo-e1658948422789.jpeg",993,993,false],"2048x2048":["https:\/\/www.mi-laborers.org\/wp-content\/uploads\/2022\/07\/ChrisChwalek_Photo-e1658948422789.jpeg",993,993,false],"trp-custom-language-flag":["https:\/\/www.mi-laborers.org\/wp-content\/uploads\/2022\/07\/ChrisChwalek_Photo-e1658948422789-12x12.jpeg",12,12,true],"gform-image-choice-sm":["https:\/\/www.mi-laborers.org\/wp-content\/uploads\/2022\/07\/ChrisChwalek_Photo-e1658948422789.jpeg",300,300,false],"gform-image-choice-md":["https:\/\/www.mi-laborers.org\/wp-content\/uploads\/2022\/07\/ChrisChwalek_Photo-e1658948422789.jpeg",400,400,false],"gform-image-choice-lg":["https:\/\/www.mi-laborers.org\/wp-content\/uploads\/2022\/07\/ChrisChwalek_Photo-e1658948422789.jpeg",600,600,false]},"uagb_author_info":{"display_name":"LIUNA Staff","author_link":"https:\/\/www.mi-laborers.org\/es\/news\/author\/jontrujillo\/"},"uagb_comment_info":0,"uagb_excerpt":"Join LIUNA LET&#8217;S TALK Fill out this form Everyday thousands of workers show up to build Michigan.They have chosen the career path that best suits them &#8211; fun work, guaranteed hourly wage, incredible healthcare, and retirement. Marketing Representative (M) (989) 397-7877 Email My name is Chris Taylor. I have been a Laborer for 15 years.&hellip;","_links":{"self":[{"href":"https:\/\/www.mi-laborers.org\/es\/wp-json\/wp\/v2\/pages\/735","targetHints":{"allow":["GET"]}}],"collection":[{"href":"https:\/\/www.mi-laborers.org\/es\/wp-json\/wp\/v2\/pages"}],"about":[{"href":"https:\/\/www.mi-laborers.org\/es\/wp-json\/wp\/v2\/types\/page"}],"author":[{"embeddable":true,"href":"https:\/\/www.mi-laborers.org\/es\/wp-json\/wp\/v2\/users\/1"}],"replies":[{"embeddable":true,"href":"https:\/\/www.mi-laborers.org\/es\/wp-json\/wp\/v2\/comments?post=735"}],"version-history":[{"count":11,"href":"https:\/\/www.mi-laborers.org\/es\/wp-json\/wp\/v2\/pages\/735\/revisions"}],"predecessor-version":[{"id":2433,"href":"https:\/\/www.mi-laborers.org\/es\/wp-json\/wp\/v2\/pages\/735\/revisions\/2433"}],"wp:featuredmedia":[{"embeddable":true,"href":"https:\/\/www.mi-laborers.org\/es\/wp-json\/wp\/v2\/media\/611"}],"wp:attachment":[{"href":"https:\/\/www.mi-laborers.org\/es\/wp-json\/wp\/v2\/media?parent=735"}],"curies":[{"name":"wp","href":"https:\/\/api.w.org\/{rel}","templated":true}]}}