{"id":729,"date":"2022-08-04T23:44:51","date_gmt":"2022-08-05T04:44:51","guid":{"rendered":"https:\/\/www.mi-laborers.org\/?page_id=729"},"modified":"2025-03-17T13:07:57","modified_gmt":"2025-03-17T17:07:57","slug":"chris-chwalek-copy-copy-copy-copy","status":"publish","type":"page","link":"https:\/\/www.mi-laborers.org\/es\/careers\/499\/drake-minton","title":{"rendered":"drake minton"},"content":{"rendered":"<h1>\n\t\t\u00danete a LIUNA\n\t<\/h1>\n\t\t\t<a href=\"#form\" title=\"Haga clic aqu\u00ed\" target=\"_self\"   role=\"button\" aria-label=\"HABLEMOS\">\n\t\t\t\t\t\t\tHABLEMOS\n\t\t<\/a>\n\t<h2>\n\t\t\t\tComplete \u00e9ste formulario\n\t\t\t<\/h2>\n\t\t\t<p>Todos los d\u00edas, miles de trabajadores se presentan para construir Michigan. Han elegido la carrera profesional que mejor se adapta a ellos: trabajo divertido, salario por hora garantizado, atenci\u00f3n m\u00e9dica incre\u00edble y jubilaci\u00f3n.<\/p>\t\n\t<iframe loading=\"lazy\" src=\"https:\/\/airtable.com\/embed\/shrzH9G5spiNDn7VF?prefill_Form+Source=Drake+Minton&#038;hide_Form+Source=true&#038;backgroundColor=green\" frameborder=\"0\" onmousewheel=\"\" width=\"100%\" height=\"1754\"><\/iframe>\n\n\t<h3>Representante de ventas<\/h3>\n(M) (734) 731-7097<br \/>\n<a href=\"mailto:dminton@liunagroc.com\">Correo electr\u00f3nico<\/a>\n\t<p>Soy Drake Minton y tengo 27 a\u00f1os. Despu\u00e9s de graduarme de la escuela secundaria, comenc\u00e9 a trabajar como trabajador sindicalizado en el local 499 (Ann Arbor). No tard\u00e9 mucho en saber que quer\u00eda trabajar en la industria de la construcci\u00f3n, espec\u00edficamente para el sindicato de trabajadores. He tenido la suerte de realizar m\u00faltiples tipos de trabajo, desde tuber\u00edas y demolici\u00f3n hasta trabajos de concreto. El sindicato de trabajadores ya me ha ayudado de muchas maneras; sin embargo, lo m\u00e1s importante es que me permite esperar jubilarme a una edad decente con una pensi\u00f3n. \u00a1Me enorgullece decir que soy un trabajador sindicalizado de tercera generaci\u00f3n!<\/p>\n<p>10 a\u00f1os de servicio!<\/p>\n\t\t\t\t<img loading=\"lazy\" decoding=\"async\" src=\"https:\/\/www.mi-laborers.org\/wp-content\/uploads\/2022\/09\/DrakeMinton-e1658948891484-square.jpeg\" alt=\"DrakeMinton-e1658948891484-square\" itemprop=\"image\" height=\"740\" width=\"740\" title=\"DrakeMinton-e1658948891484-cuadrado\" onerror=\"this.style.display='none'\"  \/>","protected":false},"excerpt":{"rendered":"<p>Join LIUNA LET&#8217;S TALK Fill out this form Everyday thousands of workers show up to build Michigan.They have chosen the career path that best suits them &#8211; fun work, guaranteed hourly wage, incredible healthcare, and retirement. Marketing Representative (M) (734) 731-7097 Email I&#8217;m Drake Minton, and I&#8217;m 27 years old. After graduating high school, I [&hellip;]<\/p>\n","protected":false},"author":1,"featured_media":611,"parent":0,"menu_order":0,"comment_status":"closed","ping_status":"closed","template":"","meta":{"om_disable_all_campaigns":false,"_uag_custom_page_level_css":"","_monsterinsights_skip_tracking":false,"_monsterinsights_sitenote_active":false,"_monsterinsights_sitenote_note":"","_monsterinsights_sitenote_category":0,"_uf_show_specific_survey":0,"_uf_disable_surveys":false,"site-sidebar-layout":"default","site-content-layout":"page-builder","ast-site-content-layout":"full-width-container","site-content-style":"unboxed","site-sidebar-style":"unboxed","ast-global-header-display":"","ast-banner-title-visibility":"","ast-main-header-display":"","ast-hfb-above-header-display":"","ast-hfb-below-header-display":"","ast-hfb-mobile-header-display":"","site-post-title":"disabled","ast-breadcrumbs-content":"","ast-featured-img":"disabled","footer-sml-layout":"","ast-disable-related-posts":"","theme-transparent-header-meta":"","adv-header-id-meta":"","stick-header-meta":"","header-above-stick-meta":"","header-main-stick-meta":"","header-below-stick-meta":"","astra-migrate-meta-layouts":"set","ast-page-background-enabled":"default","ast-page-background-meta":{"desktop":{"background-color":"var(--ast-global-color-4)","background-image":"","background-repeat":"repeat","background-position":"center center","background-size":"auto","background-attachment":"scroll","background-type":"","background-media":"","overlay-type":"","overlay-color":"","overlay-opacity":"","overlay-gradient":""},"tablet":{"background-color":"","background-image":"","background-repeat":"repeat","background-position":"center center","background-size":"auto","background-attachment":"scroll","background-type":"","background-media":"","overlay-type":"","overlay-color":"","overlay-opacity":"","overlay-gradient":""},"mobile":{"background-color":"","background-image":"","background-repeat":"repeat","background-position":"center center","background-size":"auto","background-attachment":"scroll","background-type":"","background-media":"","overlay-type":"","overlay-color":"","overlay-opacity":"","overlay-gradient":""}},"ast-content-background-meta":{"desktop":{"background-color":"var(--ast-global-color-5)","background-image":"","background-repeat":"repeat","background-position":"center center","background-size":"auto","background-attachment":"scroll","background-type":"","background-media":"","overlay-type":"","overlay-color":"","overlay-opacity":"","overlay-gradient":""},"tablet":{"background-color":"var(--ast-global-color-5)","background-image":"","background-repeat":"repeat","background-position":"center center","background-size":"auto","background-attachment":"scroll","background-type":"","background-media":"","overlay-type":"","overlay-color":"","overlay-opacity":"","overlay-gradient":""},"mobile":{"background-color":"var(--ast-global-color-5)","background-image":"","background-repeat":"repeat","background-position":"center center","background-size":"auto","background-attachment":"scroll","background-type":"","background-media":"","overlay-type":"","overlay-color":"","overlay-opacity":"","overlay-gradient":""}},"footnotes":""},"class_list":["post-729","page","type-page","status-publish","has-post-thumbnail","hentry"],"aioseo_notices":[],"uagb_featured_image_src":{"full":["https:\/\/www.mi-laborers.org\/wp-content\/uploads\/2022\/07\/ChrisChwalek_Photo-e1658948422789.jpeg",993,993,false],"thumbnail":["https:\/\/www.mi-laborers.org\/wp-content\/uploads\/2022\/07\/ChrisChwalek_Photo-e1658948422789-150x150.jpeg",150,150,true],"medium":["https:\/\/www.mi-laborers.org\/wp-content\/uploads\/2022\/07\/ChrisChwalek_Photo-e1658948422789-300x300.jpeg",300,300,true],"medium_large":["https:\/\/www.mi-laborers.org\/wp-content\/uploads\/2022\/07\/ChrisChwalek_Photo-e1658948422789-768x768.jpeg",768,768,true],"large":["https:\/\/www.mi-laborers.org\/wp-content\/uploads\/2022\/07\/ChrisChwalek_Photo-768x1024.jpeg",768,1024,true],"1536x1536":["https:\/\/www.mi-laborers.org\/wp-content\/uploads\/2022\/07\/ChrisChwalek_Photo-e1658948422789.jpeg",993,993,false],"2048x2048":["https:\/\/www.mi-laborers.org\/wp-content\/uploads\/2022\/07\/ChrisChwalek_Photo-e1658948422789.jpeg",993,993,false],"trp-custom-language-flag":["https:\/\/www.mi-laborers.org\/wp-content\/uploads\/2022\/07\/ChrisChwalek_Photo-e1658948422789-12x12.jpeg",12,12,true],"gform-image-choice-sm":["https:\/\/www.mi-laborers.org\/wp-content\/uploads\/2022\/07\/ChrisChwalek_Photo-e1658948422789.jpeg",300,300,false],"gform-image-choice-md":["https:\/\/www.mi-laborers.org\/wp-content\/uploads\/2022\/07\/ChrisChwalek_Photo-e1658948422789.jpeg",400,400,false],"gform-image-choice-lg":["https:\/\/www.mi-laborers.org\/wp-content\/uploads\/2022\/07\/ChrisChwalek_Photo-e1658948422789.jpeg",600,600,false]},"uagb_author_info":{"display_name":"LIUNA Staff","author_link":"https:\/\/www.mi-laborers.org\/es\/news\/author\/jontrujillo\/"},"uagb_comment_info":0,"uagb_excerpt":"Join LIUNA LET&#8217;S TALK Fill out this form Everyday thousands of workers show up to build Michigan.They have chosen the career path that best suits them &#8211; fun work, guaranteed hourly wage, incredible healthcare, and retirement. Marketing Representative (M) (734) 731-7097 Email I&#8217;m Drake Minton, and I&#8217;m 27 years old. After graduating high school, I&hellip;","_links":{"self":[{"href":"https:\/\/www.mi-laborers.org\/es\/wp-json\/wp\/v2\/pages\/729","targetHints":{"allow":["GET"]}}],"collection":[{"href":"https:\/\/www.mi-laborers.org\/es\/wp-json\/wp\/v2\/pages"}],"about":[{"href":"https:\/\/www.mi-laborers.org\/es\/wp-json\/wp\/v2\/types\/page"}],"author":[{"embeddable":true,"href":"https:\/\/www.mi-laborers.org\/es\/wp-json\/wp\/v2\/users\/1"}],"replies":[{"embeddable":true,"href":"https:\/\/www.mi-laborers.org\/es\/wp-json\/wp\/v2\/comments?post=729"}],"version-history":[{"count":12,"href":"https:\/\/www.mi-laborers.org\/es\/wp-json\/wp\/v2\/pages\/729\/revisions"}],"predecessor-version":[{"id":2283,"href":"https:\/\/www.mi-laborers.org\/es\/wp-json\/wp\/v2\/pages\/729\/revisions\/2283"}],"wp:featuredmedia":[{"embeddable":true,"href":"https:\/\/www.mi-laborers.org\/es\/wp-json\/wp\/v2\/media\/611"}],"wp:attachment":[{"href":"https:\/\/www.mi-laborers.org\/es\/wp-json\/wp\/v2\/media?parent=729"}],"curies":[{"name":"wp","href":"https:\/\/api.w.org\/{rel}","templated":true}]}}