{"id":35,"date":"2022-05-20T12:15:28","date_gmt":"2022-05-20T12:15:28","guid":{"rendered":"http:\/\/www.mi-laborers.org\/?page_id=35"},"modified":"2025-05-09T09:42:23","modified_gmt":"2025-05-09T13:42:23","slug":"home","status":"publish","type":"page","link":"https:\/\/www.mi-laborers.org\/es\/","title":{"rendered":"Casa"},"content":{"rendered":"<p>LIUNA represents workers who are proud to build Michigan. We are united through collective bargaining agreements to get better pay, more work and greater opportunities for our unionized workforce.<\/p>\n\t\t<h3>Obtenga m\u00e1s trabajo<\/h3>\t\t\t\n\t\t<h3>m\u00e1s paga<\/h3>\t\t\t\n\t\t<h3>Salud Familiar<\/h3>\t\t\t\n\t\t<h3>Condiciones de trabajo m\u00e1s seguras<\/h3>\t\t\t\n\t<h3>\n\t\t\t\t\u00bfSab\u00edas?\n\t\t\t<\/h3>\n\t\t\t<h3>Los trabajadores de la construcci\u00f3n sindicalizados ganan salarios 42% m\u00e1s altos que los trabajadores no sindicalizados.<\/h3>\t\n\t\t\t<a href=\"http:\/\/www.mi-laborers.org\/es\/join-liuna\/\" title=\"Haga clic aqu\u00ed\" target=\"_self\"   role=\"button\" aria-label=\"Obtenga m\u00e1s informaci\u00f3n sobre la membres\u00eda\">\n\t\t\t\t\t\t\tObtenga m\u00e1s informaci\u00f3n sobre la membres\u00eda\n\t\t<\/a>\n\t<h2>\n\t\t\t\tFind a Local Union\n\t\t\t<\/h2>\n\t\t\t<img decoding=\"async\" src=\"https:\/\/www.mi-laborers.org\/wp-content\/uploads\/2022\/10\/allorangemapwebsitemapsize.png\" alt=\"allorangemapwebsitemapsize\"\/>\n\t\t\t\t\t\t\t<h3>Local 1329:<\/h3><p><strong>Sitio web:<\/strong>\u00a0<a href=\"https:\/\/www.liunalocal1329.org\/\">www.LiunaLocal1329.org<\/a><br \/><strong>Direcci\u00f3n:<br \/><\/strong>1800 N. Stephenson Ave.<br \/>Monta\u00f1a de Hierro, MI 49801<strong>Tel\u00e9fono:<\/strong> (906) 774-6070<br \/><strong>Fax:<\/strong> (906) 774-1199<\/p>\t\t\t\t\t\t\t\t\t\t\t\t\t\n\t\t\t\t\t\t\t<h3>Local 1098:<\/h3><p><strong>Sitio web:<\/strong>\u00a0<a href=\"https:\/\/www.local1098.org\/\">www.Local1098.org<\/a><br \/><strong>Direcci\u00f3n:<br \/><\/strong>345 E. Morley Dr.<br \/>Saginaw, MI 48601<strong>Tel\u00e9fono:<\/strong> (989) 752-6146<br \/><strong>Fax:<\/strong> (248) 334-0584<\/p>\t\t\t\t\t\t\t\t\t\t\t\t\t\n\t\t\t\t\t\t\t<h3>Local 355<\/h3><p><strong>Sitio web:<\/strong>\u00a0<a href=\"https:\/\/www.local355.org\/\">www.Local355.org<\/a><br \/><strong>Direcci\u00f3n:<\/strong><br \/>1500 E. Columbia Ave.<br \/>Battle Creek, MI 49014<strong>Tel\u00e9fono:<\/strong> 269-962-8010<br \/><strong>Fax:<\/strong> 269-962-1431<\/p>\t\t\t\t\t\t\t\t\t\t\t\t\t\n\t\t\t\t\t\t\t<h3>Local 499:<\/h3><p><strong>Sitio web:<\/strong> <a href=\"http:\/\/www.laborerslocal499.org\">www.laborerslocal499.org<\/a><br \/><strong>Direcci\u00f3n:<br \/><\/strong>3080 Platt Rd.<br \/>Ann Arbor, MI 48108<strong>Tel\u00e9fono:<\/strong> (734) 971-5212<br \/><strong>Fax:<\/strong> (734) 971-0094<\/p>\t\t\t\t\t\t\t\t\t\t\t\t\t\n\t\t\t\t\t\t\t<h3><strong>local 1076<\/strong><\/h3><p><strong>Sitio web:<\/strong> <a href=\"https:\/\/www.constructionlaborers1076.org\/\">ConstructionLaborers1076.org<\/a><br \/><strong>Direcci\u00f3n:<br \/><\/strong>760 Joslyn Ave.<br \/>Pontiac, MI 48340<strong>Tel\u00e9fono:<\/strong> (248) 334-0509<br \/><strong>Fax:<\/strong> (248) 334-0584<\/p>\t\t\t\t\t\t\t\t\t\t\t\t\t\n\t\t\t\t\t\t\t<h3>local 1191<\/h3><p><strong>Sitio web:<\/strong> <a href=\"https:\/\/www.laborerslocal1191.org\/\">LaborersLocal1191.org<\/a><br \/><strong>Direcci\u00f3n:<br \/><\/strong>2161 West Grand Blvd.<br \/>Detroit, MI 48208<strong>Tel\u00e9fono:<\/strong> (313) 894-2241<br \/><strong>Fax:<\/strong> (313) 894-6250<\/p>\t\t\t\t\t\t\t\t\t\t\t\t\t\n\t\t\t\t\t\t\t<h3><strong>local 1075<\/strong><\/h3><p><strong>Sitio web: <\/strong><a href=\"https:\/\/www.liunalocal1075.org\/\">liunalocal1075.org<\/a><br \/><strong>Direcci\u00f3n:<br \/><\/strong>7024 North Dort Hwy,<br \/>Monte Morris, MI 48458<strong>Tel\u00e9fono:<\/strong> (810) 686-8381<br \/><strong>Fax:<\/strong> (810) 686-1906<\/p>\t\t\t\t\t\t\t\t\t\t\t\t\t\n\t<h3>\n\t\t\t\t\u00bfEs usted un contratista?\n\t\t\t<\/h3>\n\t\t\t<p>Contratar Trabajadores Sindicales. Experto. Seguro. Probado contra drogas.<\/p>\t\n\t\t\t<a href=\"https:\/\/www.mi-laborers.org\/es\/contractors\/\" title=\"Haga clic aqu\u00ed\" target=\"_self\"   role=\"button\" aria-label=\"M\u00e1s informaci\u00f3n\">\n\t\t\t\t\t\t\tM\u00e1s informaci\u00f3n\n\t\t<\/a>\n\t<h2>\n\t\t\t\t\u00danete al sindicato\n\t\t\t<\/h2>\n\t<h4>Mas trabajo. Pago m\u00e1s alto. Mejores Beneficios.<\/h4>\n<h4>Le pagamos para aprender nuevas habilidades, para que pueda ganar m\u00e1s dinero.<\/h4>\n<h3>\n\t\tAplica online\n\t<\/h3>\n<h3>\n\t\tPresiona Enviar\n\t<\/h3>\n<h3>\n\t\tEmpezar a trabajar\n\t<\/h3>\n\t\t\t<a href=\"http:\/\/www.mi-laborers.org\/es\/join-liuna\/\" title=\"Haga clic aqu\u00ed\" target=\"_self\"   role=\"button\" aria-label=\"Aplica ya\">\n\t\t\t\t\t\t\tAplica ya\n\t\t<\/a>","protected":false},"excerpt":{"rendered":"<p>LIUNA represents workers who are proud to build Michigan. We are united through collective bargaining agreements to get better pay, more work and greater opportunities for our unionized workforce. Get More Work More Pay Family Healthcare Safer Workplace Conditions Did You Know? Union construction workers make 42% higher wages than non-union workers. Learn More about [&hellip;]<\/p>\n","protected":false},"author":1,"featured_media":0,"parent":0,"menu_order":0,"comment_status":"closed","ping_status":"closed","template":"","meta":{"om_disable_all_campaigns":false,"_uag_custom_page_level_css":"","_monsterinsights_skip_tracking":false,"_monsterinsights_sitenote_active":false,"_monsterinsights_sitenote_note":"","_monsterinsights_sitenote_category":0,"_uf_show_specific_survey":0,"_uf_disable_surveys":false,"site-sidebar-layout":"no-sidebar","site-content-layout":"page-builder","ast-site-content-layout":"full-width-container","site-content-style":"unboxed","site-sidebar-style":"unboxed","ast-global-header-display":"","ast-banner-title-visibility":"","ast-main-header-display":"","ast-hfb-above-header-display":"","ast-hfb-below-header-display":"","ast-hfb-mobile-header-display":"","site-post-title":"disabled","ast-breadcrumbs-content":"","ast-featured-img":"disabled","footer-sml-layout":"","ast-disable-related-posts":"","theme-transparent-header-meta":"","adv-header-id-meta":"","stick-header-meta":"","header-above-stick-meta":"","header-main-stick-meta":"","header-below-stick-meta":"","astra-migrate-meta-layouts":"set","ast-page-background-enabled":"default","ast-page-background-meta":{"desktop":{"background-color":"var(--ast-global-color-4)","background-image":"","background-repeat":"repeat","background-position":"center center","background-size":"auto","background-attachment":"scroll","background-type":"","background-media":"","overlay-type":"","overlay-color":"","overlay-opacity":"","overlay-gradient":""},"tablet":{"background-color":"","background-image":"","background-repeat":"repeat","background-position":"center center","background-size":"auto","background-attachment":"scroll","background-type":"","background-media":"","overlay-type":"","overlay-color":"","overlay-opacity":"","overlay-gradient":""},"mobile":{"background-color":"","background-image":"","background-repeat":"repeat","background-position":"center center","background-size":"auto","background-attachment":"scroll","background-type":"","background-media":"","overlay-type":"","overlay-color":"","overlay-opacity":"","overlay-gradient":""}},"ast-content-background-meta":{"desktop":{"background-color":"var(--ast-global-color-5)","background-image":"","background-repeat":"repeat","background-position":"center center","background-size":"auto","background-attachment":"scroll","background-type":"","background-media":"","overlay-type":"","overlay-color":"","overlay-opacity":"","overlay-gradient":""},"tablet":{"background-color":"var(--ast-global-color-5)","background-image":"","background-repeat":"repeat","background-position":"center center","background-size":"auto","background-attachment":"scroll","background-type":"","background-media":"","overlay-type":"","overlay-color":"","overlay-opacity":"","overlay-gradient":""},"mobile":{"background-color":"var(--ast-global-color-5)","background-image":"","background-repeat":"repeat","background-position":"center center","background-size":"auto","background-attachment":"scroll","background-type":"","background-media":"","overlay-type":"","overlay-color":"","overlay-opacity":"","overlay-gradient":""}},"footnotes":""},"class_list":["post-35","page","type-page","status-publish","hentry"],"aioseo_notices":[],"uagb_featured_image_src":{"full":false,"thumbnail":false,"medium":false,"medium_large":false,"large":false,"1536x1536":false,"2048x2048":false,"trp-custom-language-flag":false,"gform-image-choice-sm":false,"gform-image-choice-md":false,"gform-image-choice-lg":false},"uagb_author_info":{"display_name":"LIUNA Staff","author_link":"https:\/\/www.mi-laborers.org\/es\/news\/author\/jontrujillo\/"},"uagb_comment_info":0,"uagb_excerpt":"LIUNA represents workers who are proud to build Michigan. We are united through collective bargaining agreements to get better pay, more work and greater opportunities for our unionized workforce. Get More Work More Pay Family Healthcare Safer Workplace Conditions Did You Know? Union construction workers make 42% higher wages than non-union workers. Learn More about&hellip;","_links":{"self":[{"href":"https:\/\/www.mi-laborers.org\/es\/wp-json\/wp\/v2\/pages\/35","targetHints":{"allow":["GET"]}}],"collection":[{"href":"https:\/\/www.mi-laborers.org\/es\/wp-json\/wp\/v2\/pages"}],"about":[{"href":"https:\/\/www.mi-laborers.org\/es\/wp-json\/wp\/v2\/types\/page"}],"author":[{"embeddable":true,"href":"https:\/\/www.mi-laborers.org\/es\/wp-json\/wp\/v2\/users\/1"}],"replies":[{"embeddable":true,"href":"https:\/\/www.mi-laborers.org\/es\/wp-json\/wp\/v2\/comments?post=35"}],"version-history":[{"count":95,"href":"https:\/\/www.mi-laborers.org\/es\/wp-json\/wp\/v2\/pages\/35\/revisions"}],"predecessor-version":[{"id":2323,"href":"https:\/\/www.mi-laborers.org\/es\/wp-json\/wp\/v2\/pages\/35\/revisions\/2323"}],"wp:attachment":[{"href":"https:\/\/www.mi-laborers.org\/es\/wp-json\/wp\/v2\/media?parent=35"}],"curies":[{"name":"wp","href":"https:\/\/api.w.org\/{rel}","templated":true}]}}