{"id":21,"date":"2022-05-20T12:13:55","date_gmt":"2022-05-20T12:13:55","guid":{"rendered":"http:\/\/www.mi-laborers.org\/?page_id=21"},"modified":"2023-02-22T10:56:52","modified_gmt":"2023-02-22T16:56:52","slug":"contact","status":"publish","type":"page","link":"https:\/\/www.mi-laborers.org\/es\/contact\/","title":{"rendered":"Contacto"},"content":{"rendered":"<h1>\n\t\t\t\tEl dise\u00f1o es una palabra divertida.\n\t\t\t<\/h1>\n\t<p><strong>LIUNA - Uni\u00f3n Internacional de Trabajadores de Am\u00e9rica del Norte<\/strong> \u2013 representa a los trabajadores que est\u00e1n orgullosos de construir Michigan. Estamos unidos a trav\u00e9s de convenios colectivos para obtener mejores salarios, m\u00e1s trabajo y mayores oportunidades para nuestra fuerza laboral sindicalizada.<\/p>\n\t<p>El Consejo del Distrito de Trabajadores de Michigan es la entidad estatal que supervisa nuestros siete sindicatos locales. Sus responsabilidades principales incluyen:<\/p>\n<ul>\n<li>sirviendo como organismo matriz en varios fondos sindicales<\/li>\n<li>coordinaci\u00f3n de esfuerzos entre los sindicatos locales<\/li>\n<li>negociaciones de contratos<\/li>\n<li>interfaz con nuestra Uni\u00f3n Regional e Internacional<\/li>\n<\/ul>\n\t<h3>\n\t\t\t\t\u00bfEst\u00e1 buscando su informaci\u00f3n de contacto local?\n\t\t\t<\/h3>\n\t\t\t<p>Encuentre su informaci\u00f3n de contacto local en la p\u00e1gina de miembros.<\/p>\t\n\t\t\t<a href=\"https:\/\/www.mi-laborers.org\/es\/members\/#map\" target=\"_self\" role=\"button\" aria-label=\"ENCUENTRA TU LOCAL\" rel=\"noopener\">\n\t\t\t\t\t\t\tENCUENTRA TU LOCAL\n\t\t<\/a>","protected":false},"excerpt":{"rendered":"<p>Design is a funny word LIUNA &#8211; the Laborers&#8217; International Union of North America &#8211; represents workers who are proud to build Michigan. We are united through collective bargaining agreements to get better pay, more work and greater opportunities for our unionized workforce. The Michigan Laborers District Council is the statewide entity which oversees our [&hellip;]<\/p>\n","protected":false},"author":1,"featured_media":0,"parent":0,"menu_order":0,"comment_status":"closed","ping_status":"closed","template":"","meta":{"om_disable_all_campaigns":false,"_uag_custom_page_level_css":"","_monsterinsights_skip_tracking":false,"_monsterinsights_sitenote_active":false,"_monsterinsights_sitenote_note":"","_monsterinsights_sitenote_category":0,"_uf_show_specific_survey":0,"_uf_disable_surveys":false,"site-sidebar-layout":"no-sidebar","site-content-layout":"page-builder","ast-site-content-layout":"default","site-content-style":"default","site-sidebar-style":"default","ast-global-header-display":"","ast-banner-title-visibility":"","ast-main-header-display":"","ast-hfb-above-header-display":"","ast-hfb-below-header-display":"","ast-hfb-mobile-header-display":"","site-post-title":"disabled","ast-breadcrumbs-content":"","ast-featured-img":"disabled","footer-sml-layout":"","ast-disable-related-posts":"","theme-transparent-header-meta":"","adv-header-id-meta":"","stick-header-meta":"","header-above-stick-meta":"","header-main-stick-meta":"","header-below-stick-meta":"","astra-migrate-meta-layouts":"default","ast-page-background-enabled":"default","ast-page-background-meta":{"desktop":{"background-color":"var(--ast-global-color-4)","background-image":"","background-repeat":"repeat","background-position":"center center","background-size":"auto","background-attachment":"scroll","background-type":"","background-media":"","overlay-type":"","overlay-color":"","overlay-opacity":"","overlay-gradient":""},"tablet":{"background-color":"","background-image":"","background-repeat":"repeat","background-position":"center center","background-size":"auto","background-attachment":"scroll","background-type":"","background-media":"","overlay-type":"","overlay-color":"","overlay-opacity":"","overlay-gradient":""},"mobile":{"background-color":"","background-image":"","background-repeat":"repeat","background-position":"center center","background-size":"auto","background-attachment":"scroll","background-type":"","background-media":"","overlay-type":"","overlay-color":"","overlay-opacity":"","overlay-gradient":""}},"ast-content-background-meta":{"desktop":{"background-color":"var(--ast-global-color-5)","background-image":"","background-repeat":"repeat","background-position":"center center","background-size":"auto","background-attachment":"scroll","background-type":"","background-media":"","overlay-type":"","overlay-color":"","overlay-opacity":"","overlay-gradient":""},"tablet":{"background-color":"var(--ast-global-color-5)","background-image":"","background-repeat":"repeat","background-position":"center center","background-size":"auto","background-attachment":"scroll","background-type":"","background-media":"","overlay-type":"","overlay-color":"","overlay-opacity":"","overlay-gradient":""},"mobile":{"background-color":"var(--ast-global-color-5)","background-image":"","background-repeat":"repeat","background-position":"center center","background-size":"auto","background-attachment":"scroll","background-type":"","background-media":"","overlay-type":"","overlay-color":"","overlay-opacity":"","overlay-gradient":""}},"footnotes":""},"class_list":["post-21","page","type-page","status-publish","hentry"],"aioseo_notices":[],"uagb_featured_image_src":{"full":false,"thumbnail":false,"medium":false,"medium_large":false,"large":false,"1536x1536":false,"2048x2048":false,"trp-custom-language-flag":false,"gform-image-choice-sm":false,"gform-image-choice-md":false,"gform-image-choice-lg":false},"uagb_author_info":{"display_name":"LIUNA Staff","author_link":"https:\/\/www.mi-laborers.org\/es\/news\/author\/jontrujillo\/"},"uagb_comment_info":0,"uagb_excerpt":"Design is a funny word LIUNA &#8211; the Laborers&#8217; International Union of North America &#8211; represents workers who are proud to build Michigan. We are united through collective bargaining agreements to get better pay, more work and greater opportunities for our unionized workforce. The Michigan Laborers District Council is the statewide entity which oversees our&hellip;","_links":{"self":[{"href":"https:\/\/www.mi-laborers.org\/es\/wp-json\/wp\/v2\/pages\/21","targetHints":{"allow":["GET"]}}],"collection":[{"href":"https:\/\/www.mi-laborers.org\/es\/wp-json\/wp\/v2\/pages"}],"about":[{"href":"https:\/\/www.mi-laborers.org\/es\/wp-json\/wp\/v2\/types\/page"}],"author":[{"embeddable":true,"href":"https:\/\/www.mi-laborers.org\/es\/wp-json\/wp\/v2\/users\/1"}],"replies":[{"embeddable":true,"href":"https:\/\/www.mi-laborers.org\/es\/wp-json\/wp\/v2\/comments?post=21"}],"version-history":[{"count":33,"href":"https:\/\/www.mi-laborers.org\/es\/wp-json\/wp\/v2\/pages\/21\/revisions"}],"predecessor-version":[{"id":1306,"href":"https:\/\/www.mi-laborers.org\/es\/wp-json\/wp\/v2\/pages\/21\/revisions\/1306"}],"wp:attachment":[{"href":"https:\/\/www.mi-laborers.org\/es\/wp-json\/wp\/v2\/media?parent=21"}],"curies":[{"name":"wp","href":"https:\/\/api.w.org\/{rel}","templated":true}]}}