{"id":20,"date":"2022-05-20T12:13:55","date_gmt":"2022-05-20T17:13:55","guid":{"rendered":"http:\/\/www.mi-laborers.org\/?page_id=20"},"modified":"2025-05-08T11:21:44","modified_gmt":"2025-05-08T15:21:44","slug":"issues-and-news","status":"publish","type":"page","link":"https:\/\/www.mi-laborers.org\/es\/legislative-affairs","title":{"rendered":"Asuntos Legislativos"},"content":{"rendered":"<h1>\n\t\tTres formas en que los Trabajadores de Michigan participan activamente en la pol\u00edtica local, estatal y federal.\u00a0\n\t<\/h1>\n\t<ul>\n<li aria-level=\"1\">Organizarse como miembros\u00a0<\/li>\n<li aria-level=\"1\">Educar a los funcionarios electos sobre nuestras prioridades<\/li>\n<li aria-level=\"1\">Donando directamente a candidatos y causas a trav\u00e9s del Comit\u00e9 de Acci\u00f3n Pol\u00edtica de la Liga Pol\u00edtica de Trabajadores (LPL PAC).<\/li>\n<\/ul>\n\t<p>Como sindicato, estamos dispuestos a trabajar y apoyar a cualquier funcionario electo o candidato a un cargo que respete el arduo trabajo diario de los trabajadores de Michigan. Respaldamos a los candidatos (Dem. Rep. Ind. u otros) que apoyan nuestro sindicato y los asuntos y trabajos de nuestros miembros.<\/p>\n\t<h3>\n\t\t\t\t<a href=\"https:\/\/www.mi-laborers.org\/wp-content\/uploads\/2025\/05\/2324-LiUNA-Scorecard.pdf\" target=\"_blank\" rel=\"noopener\" aria-label=\"Go to https:\/\/www.mi-laborers.org\/wp-content\/uploads\/2025\/05\/2324-LiUNA-Scorecard.pdf\">\n\t\t\t\tClick to View Michigan LiUNA&#8217;s 2023-2024 State LegislativeScorecard!\n\t\t\t\t<\/a>\n\t\t\t<\/h3>\n\t\t\t\t<a href=\"https:\/\/www.mi-laborers.org\/wp-content\/uploads\/2025\/05\/2324-LiUNA-Scorecard.pdf\"  target=\"_blank\" rel=\"noopener\"  itemprop=\"url\">\n\t\t\t\t<img loading=\"lazy\" decoding=\"async\" src=\"https:\/\/www.mi-laborers.org\/wp-content\/uploads\/2025\/02\/2023-2024-Scorecard-Overview-1-1024x791.png\" alt=\"2023-2024 Scorecard Overview-1\" itemprop=\"image\" height=\"791\" width=\"1024\" title=\"2023-2024 Scorecard Overview-1\" onerror=\"this.style.display='none'\"  \/>\n\t\t\t\t<\/a>\n\t<h3>\n\t\t\t\t\u00bfEres un candidato?\n\t\t\t<\/h3>\n\t\t\t<p>Haga clic en &quot;Solicitar un endoso&quot;<\/p>\t\n\t\t\t<a href=\"https:\/\/www.mi-laborers.org\/es\/request-an-endorsement\/\" title=\"Haga clic aqu\u00ed\" target=\"_self\"   role=\"button\" aria-label=\"Solicitar un endoso\">\n\t\t\t\t\t\t\tSolicitar un endoso\n\t\t<\/a>\n\t<h3>\n\t\t\t\t<a href=\"https:\/\/www.mi-laborers.org\/es\/vote\/\" target=\"_self\"  aria-label=\"Go to https:\/\/www.mi-laborers.org\/vote\">\n\t\t\t\tView All LiUNA Michigan 2024 Endorsements Here\n\t\t\t\t<\/a>\n\t\t\t<\/h3>","protected":false},"excerpt":{"rendered":"<p>Three ways the Michigan Laborers are active in local, state, and federal politics.\u00a0 Organizing as Members\u00a0 Educating elected officials about our priorities Donating directly to candidates and causes through the (LPL PAC) Laborers Political League Political Action Committee. As a Union, we are willing to work with and support any elected official or candidate for [&hellip;]<\/p>\n","protected":false},"author":1,"featured_media":0,"parent":750,"menu_order":0,"comment_status":"closed","ping_status":"closed","template":"","meta":{"om_disable_all_campaigns":false,"_uag_custom_page_level_css":"","_monsterinsights_skip_tracking":false,"_monsterinsights_sitenote_active":false,"_monsterinsights_sitenote_note":"","_monsterinsights_sitenote_category":0,"_uf_show_specific_survey":0,"_uf_disable_surveys":false,"site-sidebar-layout":"no-sidebar","site-content-layout":"page-builder","ast-site-content-layout":"full-width-container","site-content-style":"unboxed","site-sidebar-style":"unboxed","ast-global-header-display":"","ast-banner-title-visibility":"","ast-main-header-display":"","ast-hfb-above-header-display":"","ast-hfb-below-header-display":"","ast-hfb-mobile-header-display":"","site-post-title":"disabled","ast-breadcrumbs-content":"","ast-featured-img":"disabled","footer-sml-layout":"","ast-disable-related-posts":"","theme-transparent-header-meta":"","adv-header-id-meta":"","stick-header-meta":"","header-above-stick-meta":"","header-main-stick-meta":"","header-below-stick-meta":"","astra-migrate-meta-layouts":"set","ast-page-background-enabled":"default","ast-page-background-meta":{"desktop":{"background-color":"var(--ast-global-color-4)","background-image":"","background-repeat":"repeat","background-position":"center center","background-size":"auto","background-attachment":"scroll","background-type":"","background-media":"","overlay-type":"","overlay-color":"","overlay-opacity":"","overlay-gradient":""},"tablet":{"background-color":"","background-image":"","background-repeat":"repeat","background-position":"center center","background-size":"auto","background-attachment":"scroll","background-type":"","background-media":"","overlay-type":"","overlay-color":"","overlay-opacity":"","overlay-gradient":""},"mobile":{"background-color":"","background-image":"","background-repeat":"repeat","background-position":"center center","background-size":"auto","background-attachment":"scroll","background-type":"","background-media":"","overlay-type":"","overlay-color":"","overlay-opacity":"","overlay-gradient":""}},"ast-content-background-meta":{"desktop":{"background-color":"var(--ast-global-color-5)","background-image":"","background-repeat":"repeat","background-position":"center center","background-size":"auto","background-attachment":"scroll","background-type":"","background-media":"","overlay-type":"","overlay-color":"","overlay-opacity":"","overlay-gradient":""},"tablet":{"background-color":"var(--ast-global-color-5)","background-image":"","background-repeat":"repeat","background-position":"center center","background-size":"auto","background-attachment":"scroll","background-type":"","background-media":"","overlay-type":"","overlay-color":"","overlay-opacity":"","overlay-gradient":""},"mobile":{"background-color":"var(--ast-global-color-5)","background-image":"","background-repeat":"repeat","background-position":"center center","background-size":"auto","background-attachment":"scroll","background-type":"","background-media":"","overlay-type":"","overlay-color":"","overlay-opacity":"","overlay-gradient":""}},"footnotes":""},"class_list":["post-20","page","type-page","status-publish","hentry"],"aioseo_notices":[],"uagb_featured_image_src":{"full":false,"thumbnail":false,"medium":false,"medium_large":false,"large":false,"1536x1536":false,"2048x2048":false,"trp-custom-language-flag":false,"gform-image-choice-sm":false,"gform-image-choice-md":false,"gform-image-choice-lg":false},"uagb_author_info":{"display_name":"LIUNA Staff","author_link":"https:\/\/www.mi-laborers.org\/es\/news\/author\/jontrujillo\/"},"uagb_comment_info":0,"uagb_excerpt":"Three ways the Michigan Laborers are active in local, state, and federal politics.\u00a0 Organizing as Members\u00a0 Educating elected officials about our priorities Donating directly to candidates and causes through the (LPL PAC) Laborers Political League Political Action Committee. As a Union, we are willing to work with and support any elected official or candidate for&hellip;","_links":{"self":[{"href":"https:\/\/www.mi-laborers.org\/es\/wp-json\/wp\/v2\/pages\/20","targetHints":{"allow":["GET"]}}],"collection":[{"href":"https:\/\/www.mi-laborers.org\/es\/wp-json\/wp\/v2\/pages"}],"about":[{"href":"https:\/\/www.mi-laborers.org\/es\/wp-json\/wp\/v2\/types\/page"}],"author":[{"embeddable":true,"href":"https:\/\/www.mi-laborers.org\/es\/wp-json\/wp\/v2\/users\/1"}],"replies":[{"embeddable":true,"href":"https:\/\/www.mi-laborers.org\/es\/wp-json\/wp\/v2\/comments?post=20"}],"version-history":[{"count":32,"href":"https:\/\/www.mi-laborers.org\/es\/wp-json\/wp\/v2\/pages\/20\/revisions"}],"predecessor-version":[{"id":2321,"href":"https:\/\/www.mi-laborers.org\/es\/wp-json\/wp\/v2\/pages\/20\/revisions\/2321"}],"up":[{"embeddable":true,"href":"https:\/\/www.mi-laborers.org\/es\/wp-json\/wp\/v2\/pages\/750"}],"wp:attachment":[{"href":"https:\/\/www.mi-laborers.org\/es\/wp-json\/wp\/v2\/media?parent=20"}],"curies":[{"name":"wp","href":"https:\/\/api.w.org\/{rel}","templated":true}]}}