{"id":19,"date":"2022-05-20T12:13:55","date_gmt":"2022-05-20T12:13:55","guid":{"rendered":"http:\/\/www.mi-laborers.org\/?page_id=19"},"modified":"2024-03-22T17:58:17","modified_gmt":"2024-03-22T21:58:17","slug":"training","status":"publish","type":"page","link":"https:\/\/www.mi-laborers.org\/es\/training\/","title":{"rendered":"Capacitaci\u00f3n"},"content":{"rendered":"<h1>\n\t\tSeguir aprendiendo. Sigue ganando.\n\t<\/h1>\n\t<p>Recibe un pago por entrenar en uno de nuestros cuatro centros de formaci\u00f3n de Michigan.<\/p>\n<h3>Le pagamos a:<\/h3>\n<ul>\n<li>Aprende nuevas habilidades para expandir tu carrera <\/li>\n<li>Obtenga la certificaci\u00f3n para ganar m\u00e1s dinero<\/li>\n<li>Desarrolle las mejores pr\u00e1cticas para mantenerse saludable<\/li>\n<\/ul>\n<h3>Elija entre las 80 clases a continuaci\u00f3n.<\/h3>\n\t\t\t<a href=\"https:\/\/mltai.org\/training\/\" target=\"_self\" role=\"button\" aria-label=\"Ver clases\" rel=\"noopener\">\n\t\t\t\t\t\t\tVer clases\n\t\t<\/a>\n\t\t\t\t<img decoding=\"async\" src=\"http:\/\/www.mi-laborers.org\/wp-content\/uploads\/2022\/05\/015_12A.jpg\" alt=\"015_12A\" itemprop=\"image\" title=\"015_12A\" onerror=\"this.style.display='none'\"  \/>\n<h2>\n\t\tEncuentre el Centro de Capacitaci\u00f3n m\u00e1s cercano a usted.\n\t<\/h2>\n\t<p>Reciba dinero hoy para aprender nuevas habilidades. \u00dasalos ma\u00f1ana para ganar m\u00e1s dinero.<\/p>\n\t\t<h3><a href=\"https:\/\/www.google.com\/maps\/place\/11155+Beardslee+Rd,+Perry,+MI+48872\/@42.8318843,-84.2705555,17z\/data=!3m1!4b1!4m5!3m4!1s0x88231d873a1e6b73:0xa24ecd0f9764877d!8m2!3d42.8318804!4d-84.2683668\" target=\"_blank\" rel=\"noopener\">CENTRO DE ENTRENAMIENTO PERRY<\/a><\/h3>11155 Bearslee carretera<br \/>\nPerry, M\u00edchigan 48872\n<p><a href=\"tel:5176254919\">(517) 625-4919<\/a><\/p>\n\t\t\t<a href=\"https:\/\/www.google.com\/maps\/place\/11155+Beardslee+Rd,+Perry,+MI+48872\/@42.8318843,-84.2705555,17z\/data=!3m1!4b1!4m5!3m4!1s0x88231d873a1e6b73:0xa24ecd0f9764877d!8m2!3d42.8318804!4d-84.2683668\" target=\"_blank\" rel=\"noopener\">\n\t\t\t\t\t\t\tObtener las direcciones\n\t\t\t\t\t<\/a>\n\t\t<h3><a href=\"https:\/\/www.google.com\/maps\/place\/5555+Cogswell+Rd,+Wayne,+MI+48184\/@42.2682769,-83.4164336,17z\/data=!3m1!4b1!4m5!3m4!1s0x883b4e197aa23759:0xce0278c5a77d2e64!8m2!3d42.268273!4d-83.4142449\" target=\"_blank\" rel=\"noopener\">CENTRO DE ENTRENAMIENTO WAYNE<\/a><\/h3>5555 Carretera de Cogswell<br \/>\nWayne, MI 48184\n<p><a href=\"tel:7347297005\">(734) 729-7005<\/a><\/p>\n\t\t\t<a href=\"https:\/\/www.google.com\/maps\/place\/5555+Cogswell+Rd,+Wayne,+MI+48184\/@42.2682769,-83.4164336,17z\/data=!3m1!4b1!4m5!3m4!1s0x883b4e197aa23759:0xce0278c5a77d2e64!8m2!3d42.268273!4d-83.4142449\" target=\"_blank\" rel=\"noopener\">\n\t\t\t\t\t\t\tObtener las direcciones\n\t\t\t\t\t<\/a>\n\t\t<h3><a href=\"https:\/\/www.google.com\/maps\/place\/Michigan+Laborers+Training\/@45.8090877,-88.0282587,17z\/data=!3m1!4b1!4m5!3m4!1s0x4d524ead057d4a6f:0x6105c451d0a93c46!8m2!3d45.809084!4d-88.02607\" target=\"_blank\" rel=\"noopener\">CENTRO DE ENTRENAMIENTO MONTA\u00d1A DE HIERRO<\/a><\/h3>W-8008 Sur de EE. UU. 2<br \/>\nMonta\u00f1a de Hierro, MI 49801\n<p><a href=\"tel:9067745703\">(906) 774-5703<\/a><\/p>\n\t\t\t<a href=\"https:\/\/www.google.com\/maps\/place\/Michigan+Laborers+Training\/@45.8090877,-88.0282587,17z\/data=!3m1!4b1!4m5!3m4!1s0x4d524ead057d4a6f:0x6105c451d0a93c46!8m2!3d45.809084!4d-88.02607\" target=\"_blank\" rel=\"noopener\">\n\t\t\t\t\t\t\tObtener las direcciones\n\t\t\t\t\t<\/a>\n\t\t<h3><a href=\"https:\/\/www.google.com\/maps\/place\/211+Hilltop+Rd,+St+Joseph,+MI+49085\/@42.0800827,-86.5020793,17z\/data=!3m1!4b1!4m5!3m4!1s0x8810c38a10d04867:0xc1e222743c565427!8m2!3d42.0800787!4d-86.4998906\" target=\"_blank\" rel=\"noopener\">S T. CENTRO DE ENTRENAMIENTO JOS\u00c9<\/a><\/h3>211 Carretera de la cima de la colina<br \/>\nSan Jos\u00e9, M\u00edchigan 49085\n<p><a href=\"tel:5176254919\">(517) 625-4919<\/a><\/p>\n\t\t\t<a href=\"https:\/\/www.google.com\/maps\/place\/211+Hilltop+Rd,+St+Joseph,+MI+49085\/@42.0800827,-86.5020793,17z\/data=!3m1!4b1!4m5!3m4!1s0x8810c38a10d04867:0xc1e222743c565427!8m2!3d42.0800787!4d-86.4998906\" target=\"_blank\" rel=\"noopener\">\n\t\t\t\t\t\t\tObtener las direcciones\n\t\t\t\t\t<\/a>\n<h2>\n\t\tLas clases m\u00e1s populares incluyen:\n\t<\/h2>\n\t\t\t\t\t\t<img decoding=\"async\" alt=\"\" src=\"https:\/\/www.mi-laborers.org\/wp-content\/uploads\/2022\/06\/Training.FormSetting.png\"\/>\n\t\t<h3>Configuraci\u00f3n y verificaci\u00f3n de formularios<\/h3>\n\t\t\t<p>aprenda matem\u00e1ticas de construcci\u00f3n y c\u00f3mo establecer formas para plataformas de concreto, aceras, bordillos, canaletas e instalaciones b\u00e1sicas de forma de pared.<\/p>\n\t\t\t\t\t\t<img decoding=\"async\" alt=\"\" src=\"https:\/\/www.mi-laborers.org\/wp-content\/uploads\/2022\/06\/Training.Concrete.png\"\/>\n\t\t<h3>Concreto<\/h3>\n\t\t\t<p>clases en tecnolog\u00eda de concreto, consolidaci\u00f3n y acabado decorativo de concreto.<\/p>\n\t\t\t\t\t\t<img decoding=\"async\" alt=\"\" src=\"http:\/\/www.mi-laborers.org\/wp-content\/uploads\/2022\/06\/Training.CutBurn.png\"\/>\n\t\t<h3>Cortar y quemar<\/h3>\n\t\t\t<p>aprender sobre los deberes b\u00e1sicos de vigilancia contra incendios, pruebas e inspecci\u00f3n de equipos, y los peligros y propiedades de los gases de oxicombustible.<\/p>\n\t\t\t\t\t\t<img decoding=\"async\" alt=\"\" src=\"http:\/\/www.mi-laborers.org\/wp-content\/uploads\/2022\/06\/TrainingAsbestos.png\"\/>\n\t\t<h3>Trabajador y supervisor de asbesto<\/h3>\n\t\t\t<p>aprenda la seguridad general del sitio, las pr\u00e1cticas recomendadas, las t\u00e9cnicas de reducci\u00f3n, la preparaci\u00f3n del \u00e1rea de trabajo y la instalaci\u00f3n de una unidad de descontaminaci\u00f3n.<\/p>\n\t\t\t\t\t\t<img decoding=\"async\" alt=\"\" src=\"https:\/\/www.mi-laborers.org\/wp-content\/uploads\/2022\/06\/Osha30.png\"\/>\n\t\t<h3>Osha 10 y 30<\/h3>\n\t\t\t<p>aprender los peligros para la salud de OSHA de la construcci\u00f3n y el uso de PPE. Tarjetas OSHA emitidas al finalizar.<\/p>\n\t\t\t\t\t\t<img decoding=\"async\" alt=\"\" src=\"http:\/\/www.mi-laborers.org\/wp-content\/uploads\/2022\/06\/TrainingHazmat.png\"\/>\n\t\t<h3>Trabajador de Residuos Peligrosos<\/h3>\n\t\t\t<p>aprenda la seguridad general del sitio, las regulaciones, las actividades de limpieza, c\u00f3mo comunicar los peligros al personal del sitio.<\/p>\n\t\t\t\t\t\t<img decoding=\"async\" alt=\"\" src=\"http:\/\/www.mi-laborers.org\/wp-content\/uploads\/2022\/06\/Training.QualifiedRigger.png\"\/>\n\t\t<h3>Aparejador Calificado y Persona Se\u00f1alizadora<\/h3>\n\t\t\t<p>aprenda las t\u00e9cnicas de aparejo adecuadas, los procedimientos de trabajo, c\u00f3mo inspeccionar el hardware de aparejo y las se\u00f1ales manuales para la operaci\u00f3n de la gr\u00faa.<\/p>\n\t\t\t\t\t\t<img decoding=\"async\" alt=\"\" src=\"http:\/\/www.mi-laborers.org\/wp-content\/uploads\/2022\/06\/Training.PipelineWorker.png\"\/>\n\t\t<h3>trabajador de oleoducto<\/h3>\n\t\t\t<p>Aprenda los peligros de trabajar cerca de excavaciones, trincheras, equipos de elevaci\u00f3n y excavaci\u00f3n. C\u00f3mo probar y cuidar los revestimientos, y m\u00e1s.<\/p>\n\t\t\t\t\t\t<img decoding=\"async\" alt=\"\" src=\"http:\/\/www.mi-laborers.org\/wp-content\/uploads\/2022\/06\/Training.CDL_.png\"\/>\n\t\t<h3>Conductor CDL<\/h3>\n\t\t\t<p>Practique dar marcha atr\u00e1s, estacionar e inspeccionar veh\u00edculos comerciales.<\/p>\n\t\t<h2>Gana dinero para aprender<\/h2>\n\t\t\t\t<p>Inscr\u00edbete en las clases, gana dinero para aprender. <br \/>Expande tu carrera con cada clase que tomes.<\/p>\n\t\t\t<a href=\"https:\/\/mltai.org\/\" target=\"_blank\" rel=\"noopener\" role=\"button\" aria-label=\"REG\u00cdSTRATE HOY\">\n\t\t\t\t\t\t\tREG\u00cdSTRATE HOY\n\t\t<\/a>","protected":false},"excerpt":{"rendered":"<p>Keep Learning. Keep Earning. Get paid to train at one of our four Michigan training centers. We pay you to: Learn new skills to expand your career Get certified to earn more money Develop best practices to keep you healthy Choose from the 80 classes below. View Classes Find the Training Center nearest you. Get [&hellip;]<\/p>\n","protected":false},"author":1,"featured_media":0,"parent":0,"menu_order":0,"comment_status":"closed","ping_status":"closed","template":"","meta":{"om_disable_all_campaigns":false,"_uag_custom_page_level_css":"","_monsterinsights_skip_tracking":false,"_monsterinsights_sitenote_active":false,"_monsterinsights_sitenote_note":"","_monsterinsights_sitenote_category":0,"_uf_show_specific_survey":0,"_uf_disable_surveys":false,"site-sidebar-layout":"no-sidebar","site-content-layout":"page-builder","ast-site-content-layout":"default","site-content-style":"default","site-sidebar-style":"default","ast-global-header-display":"","ast-banner-title-visibility":"","ast-main-header-display":"","ast-hfb-above-header-display":"","ast-hfb-below-header-display":"","ast-hfb-mobile-header-display":"","site-post-title":"disabled","ast-breadcrumbs-content":"","ast-featured-img":"disabled","footer-sml-layout":"","ast-disable-related-posts":"","theme-transparent-header-meta":"","adv-header-id-meta":"","stick-header-meta":"","header-above-stick-meta":"","header-main-stick-meta":"","header-below-stick-meta":"","astra-migrate-meta-layouts":"default","ast-page-background-enabled":"default","ast-page-background-meta":{"desktop":{"background-color":"var(--ast-global-color-4)","background-image":"","background-repeat":"repeat","background-position":"center center","background-size":"auto","background-attachment":"scroll","background-type":"","background-media":"","overlay-type":"","overlay-color":"","overlay-opacity":"","overlay-gradient":""},"tablet":{"background-color":"","background-image":"","background-repeat":"repeat","background-position":"center center","background-size":"auto","background-attachment":"scroll","background-type":"","background-media":"","overlay-type":"","overlay-color":"","overlay-opacity":"","overlay-gradient":""},"mobile":{"background-color":"","background-image":"","background-repeat":"repeat","background-position":"center center","background-size":"auto","background-attachment":"scroll","background-type":"","background-media":"","overlay-type":"","overlay-color":"","overlay-opacity":"","overlay-gradient":""}},"ast-content-background-meta":{"desktop":{"background-color":"var(--ast-global-color-5)","background-image":"","background-repeat":"repeat","background-position":"center center","background-size":"auto","background-attachment":"scroll","background-type":"","background-media":"","overlay-type":"","overlay-color":"","overlay-opacity":"","overlay-gradient":""},"tablet":{"background-color":"var(--ast-global-color-5)","background-image":"","background-repeat":"repeat","background-position":"center center","background-size":"auto","background-attachment":"scroll","background-type":"","background-media":"","overlay-type":"","overlay-color":"","overlay-opacity":"","overlay-gradient":""},"mobile":{"background-color":"var(--ast-global-color-5)","background-image":"","background-repeat":"repeat","background-position":"center center","background-size":"auto","background-attachment":"scroll","background-type":"","background-media":"","overlay-type":"","overlay-color":"","overlay-opacity":"","overlay-gradient":""}},"footnotes":""},"class_list":["post-19","page","type-page","status-publish","hentry"],"aioseo_notices":[],"uagb_featured_image_src":{"full":false,"thumbnail":false,"medium":false,"medium_large":false,"large":false,"1536x1536":false,"2048x2048":false,"trp-custom-language-flag":false,"gform-image-choice-sm":false,"gform-image-choice-md":false,"gform-image-choice-lg":false},"uagb_author_info":{"display_name":"LIUNA Staff","author_link":"https:\/\/www.mi-laborers.org\/es\/news\/author\/jontrujillo\/"},"uagb_comment_info":0,"uagb_excerpt":"Keep Learning. Keep Earning. Get paid to train at one of our four Michigan training centers. We pay you to: Learn new skills to expand your career Get certified to earn more money Develop best practices to keep you healthy Choose from the 80 classes below. View Classes Find the Training Center nearest you. Get&hellip;","_links":{"self":[{"href":"https:\/\/www.mi-laborers.org\/es\/wp-json\/wp\/v2\/pages\/19","targetHints":{"allow":["GET"]}}],"collection":[{"href":"https:\/\/www.mi-laborers.org\/es\/wp-json\/wp\/v2\/pages"}],"about":[{"href":"https:\/\/www.mi-laborers.org\/es\/wp-json\/wp\/v2\/types\/page"}],"author":[{"embeddable":true,"href":"https:\/\/www.mi-laborers.org\/es\/wp-json\/wp\/v2\/users\/1"}],"replies":[{"embeddable":true,"href":"https:\/\/www.mi-laborers.org\/es\/wp-json\/wp\/v2\/comments?post=19"}],"version-history":[{"count":40,"href":"https:\/\/www.mi-laborers.org\/es\/wp-json\/wp\/v2\/pages\/19\/revisions"}],"predecessor-version":[{"id":1732,"href":"https:\/\/www.mi-laborers.org\/es\/wp-json\/wp\/v2\/pages\/19\/revisions\/1732"}],"wp:attachment":[{"href":"https:\/\/www.mi-laborers.org\/es\/wp-json\/wp\/v2\/media?parent=19"}],"curies":[{"name":"wp","href":"https:\/\/api.w.org\/{rel}","templated":true}]}}